{"id":3596,"date":"2016-09-08T20:34:45","date_gmt":"2016-09-08T20:34:45","guid":{"rendered":"http:\/\/protrain-canada.com\/fr\/?page_id=3596"},"modified":"2016-11-02T20:40:32","modified_gmt":"2016-11-02T20:40:32","slug":"private-training","status":"publish","type":"page","link":"https:\/\/protrain-canada.com\/fr\/private-training\/","title":{"rendered":"Private Training"},"content":{"rendered":"<div class=\"section \" style=\"background-color: #f9f9f9; border: 1px solid #ececec; padding: 50px 0 0px 0; \">\n<div class=\"container clearfix\">\n<div class=\"sixteen columns\">\n<div class=\"gap\" style=\"height: 10px;\"><\/div>\n<h1 style=\"font-size: 26px; text-align: center !important; color: #289dcc !important; line-height: 34px;\">Nous vous \u00e9coutons, nous adaptons et nous ex\u00e9cutons.<\/h1>\n<div class=\"gap\" style=\"height: 0px;\"><\/div>\n<h3 style=\"text-align: center !important; color: #999999 !important;\">Depuis plus de 10 ans, le succ\u00e8s des programmes de d\u00e9veloppement de Protrain Canada est bas\u00e9 sur deux facteurs cl\u00e9s: nous \u00e9coutons vos besoins, nous nous adaptons et livrons un cours qui rencontre ou exc\u00e8de vos attentes.<\/h3>\n<div class=\"hr hr1\" style='margin:30px 0 40px 0 !important;'><\/div>\n<p><span class=\"responsive\"><img decoding=\"async\" style=\"margin-bottom: -15px;\" src=\"\/wp-content\/uploads\/2016\/02\/protrain99.jpg\" alt=\"\" \/><\/span><\/div>\n<\/div>\n<\/div>\n<div class=\"section \" style=\"background-color: #ffffff; border: none; padding: 60px 0 40px 0; \">\n<div class=\"container clearfix\">\n<div class=\"sixteen columns\">\n<h3 class=\"title\"><span>ATELIER DE FORMATION<\/span><\/h3>\n<p style=\"text-align: justify;\"><span class=\"dropcap\">L<\/span>es ateliers sur place de Protrain Canada sont d\u00e9velopp\u00e9s et pr\u00e9sent\u00e9s par des consultants chevronn\u00e9s : Vous b\u00e9n\u00e9ficierez d&rsquo;exp\u00e9riences acquise avec des entreprise de classe mondiale , des m\u00e9thodes et strat\u00e9gies pr\u00e9sent\u00e9es \u00e0 des leaders en mati\u00e8re de gestion de projets dans le monde. Si votre organisation songe \u00e0 mettre en place des m\u00e9thodologies ou processus, nos programmes de cours peuvent \u00eatre adapt\u00e9s \u00e0 vos besoins afin de faciliter le changement. Nos ateliers \u00e0 votre lieu de travail sont la meilleure fa\u00e7on de s&rsquo;assurer que tous partagent la m\u00eame base de connaissance et sont bien \u00e9quip\u00e9s pour relever les d\u00e9fis de l&rsquo;organisation.<\/p>\n<div class=\"gap\" style=\"height: 10px;\"><\/div>\n<h3 class=\"title\"><span>B\u00e9n\u00e9fices<\/span><\/h3>\n<p>&#8211; Nous pouvons orient\u00e9 la formation vers des \u00e9l\u00e9ments sp\u00e9cifiques de la Gestion de projets avanc\u00e9e<br \/>\n&#8211; Protrain Canada sera en mesure d&rsquo;utiliser vos projets et pr\u00e9parer le mat\u00e9riel de formation en cons\u00e9quence<br \/>\n&#8211; Appliquer l&rsquo;exp\u00e9rience en fonction de votre contexte<br \/>\n&#8211; Maximiser la personalisation du cours et sortir de l&rsquo;ordinaire<br \/>\n&#8211; D\u00e9velopper l&rsquo;esprit d&rsquo;\u00e9quipe et les valeurs fondamentales de la Gestion de projets<br \/>\n&#8211; Experts en Gestion de projets avanc\u00e9e<br \/>\n&#8211; Nous avons une tr\u00e8s bonne r\u00e9putation et expertise sur une \u00e9chelle internationale<\/p>\n<\/div>\n<\/div>\n<\/div>\n<div class=\"section \" style=\"background-color: #ffffff; border: none; padding: ; \">\n<div class=\"container clearfix\">\n<div class=\"sixteen columns\">\n<div class=\"one_half\">\n<div class=\"accordion\" rel=\"1\">\n<div class=\"accordion-title\"><a href=\"#\">Portfolio de diff\u00e9rentes formations priv\u00e9es<\/a><\/div>\n<div class=\"accordion-inner\">&#8211; Formation menant \u00e0 la certification PMP\u00ae,<br \/>\n&#8211; La mise en place d&rsquo;un bureau de projets<br \/>\n&#8211; Les outils de gestion<br \/>\n&#8211; Les \u00e9tudes de faisabilit\u00e9<br \/>\n&#8211; Les plans d&rsquo;affaires<br \/>\n&#8211; La gestion du changement<br \/>\n&#8211; La gestion des risques<br \/>\n&#8211; La n\u00e9gociation<br \/>\n&#8211; Le leadership et plus encore&#8230;<\/p>\n<p>Pri\u00e8re de nous contacter si vous cherchez une formation sp\u00e9cifique et personalis\u00e9e<\/p><\/div>\n<div class=\"accordion-title\"><a href=\"#\">C\u2019est quoi le PMI\u00ae ?<\/a><\/div>\n<div class=\"accordion-inner\">Le Project Management Institute\u00ae, fond\u00e9 en 1969, est une association professionnelle \u00e0 but non lucratif qui propose des m\u00e9thodes de Gestion de projets. Elle compte plus de 700 000 membres r\u00e9partis dans 125 pays. Elle publie des normes relatives \u00e0 la gestion de projets et est en charge de la certification des processus de gestion de projet.<\/div>\n<\/div>\n<\/div>\n<div class=\"one_half last\">\n<div class=\"testimonial\">J\u2019ai rencontr\u00e9 Sylvain pendant un cours de pr\u00e9paration au PMP\u00ae. J\u2019ai \u00e9t\u00e9 tr\u00e8s heureux par son \u00e9nergie, son enthousiasme et leurs connaissances en mati\u00e8re de gestion de projets. Un an plus tard, j\u2019ai embauch\u00e9 ses services pour pr\u00e9parer un cours sur mesure pour notre \u00e9quipe de gestionnaires de projet.<\/div>\n<div class=\"testimonial-author\">Charles Bourgault, CAE<\/div>\n<div class=\"testimonial\">Two thumbs up. Le cours a \u00e9t\u00e9 parfaitement adapt\u00e9 \u00e0 notre contexte et \u00e0 notre environnement fou. Nous pr\u00e9voyons d\u00e9j\u00e0 d\u00e9ployer un cours similaire \u00e0 tous nos gestionnaires de projets.<\/div>\n<div class=\"testimonial-author\">Robin McClaren, SAP.<\/div>\n<\/div>\n<div class=\"clear\"><\/div>\n<\/div>\n<\/div>\n<\/div>\n","protected":false},"excerpt":{"rendered":"<p>Nous vous \u00e9coutons, nous adaptons et nous ex\u00e9cutons. Depuis plus de 10 ans, le succ\u00e8s des programmes de d\u00e9veloppement de Protrain Canada est bas\u00e9 sur deux facteurs cl\u00e9s: nous \u00e9coutons\u2026 <a href=\"https:\/\/protrain-canada.com\/fr\/private-training\/\" class=\"read-more-link\">Lire la suite &rarr;<\/a><\/p>\n","protected":false},"author":2,"featured_media":0,"parent":0,"menu_order":0,"comment_status":"closed","ping_status":"closed","template":"page-section.php","meta":{"om_disable_all_campaigns":false,"_monsterinsights_skip_tracking":false,"_monsterinsights_sitenote_active":false,"_monsterinsights_sitenote_note":"","_monsterinsights_sitenote_category":0,"footnotes":""},"class_list":["post-3596","page","type-page","status-publish","hentry"],"yoast_head":"<!-- This site is optimized with the Yoast SEO plugin v27.4 - https:\/\/yoast.com\/product\/yoast-seo-wordpress\/ -->\n<title>Private Training - Protrain Canada<\/title>\n<meta name=\"robots\" content=\"index, follow, max-snippet:-1, max-image-preview:large, max-video-preview:-1\" \/>\n<link rel=\"canonical\" href=\"https:\/\/protrain-canada.com\/fr\/private-training\/\" \/>\n<meta property=\"og:locale\" content=\"fr_FR\" \/>\n<meta property=\"og:type\" content=\"article\" \/>\n<meta property=\"og:title\" content=\"Private Training - Protrain Canada\" \/>\n<meta property=\"og:description\" content=\"Nous vous \u00e9coutons, nous adaptons et nous ex\u00e9cutons. Depuis plus de 10 ans, le succ\u00e8s des programmes de d\u00e9veloppement de Protrain Canada est bas\u00e9 sur deux facteurs cl\u00e9s: nous \u00e9coutons\u2026 Lire la suite &rarr;\" \/>\n<meta property=\"og:url\" content=\"https:\/\/protrain-canada.com\/fr\/private-training\/\" \/>\n<meta property=\"og:site_name\" content=\"Protrain Canada\" \/>\n<meta property=\"article:modified_time\" content=\"2016-11-02T20:40:32+00:00\" \/>\n<meta name=\"twitter:card\" content=\"summary_large_image\" \/>\n<meta name=\"twitter:label1\" content=\"Dur\u00e9e de lecture estim\u00e9e\" \/>\n\t<meta name=\"twitter:data1\" content=\"3 minutes\" \/>\n<script type=\"application\/ld+json\" class=\"yoast-schema-graph\">{\"@context\":\"https:\\\/\\\/schema.org\",\"@graph\":[{\"@type\":\"WebPage\",\"@id\":\"https:\\\/\\\/protrain-canada.com\\\/fr\\\/private-training\\\/\",\"url\":\"https:\\\/\\\/protrain-canada.com\\\/fr\\\/private-training\\\/\",\"name\":\"Private Training - Protrain Canada\",\"isPartOf\":{\"@id\":\"https:\\\/\\\/protrain-canada.com\\\/#website\"},\"datePublished\":\"2016-09-08T20:34:45+00:00\",\"dateModified\":\"2016-11-02T20:40:32+00:00\",\"breadcrumb\":{\"@id\":\"https:\\\/\\\/protrain-canada.com\\\/fr\\\/private-training\\\/#breadcrumb\"},\"inLanguage\":\"fr-FR\",\"potentialAction\":[{\"@type\":\"ReadAction\",\"target\":[\"https:\\\/\\\/protrain-canada.com\\\/fr\\\/private-training\\\/\"]}]},{\"@type\":\"BreadcrumbList\",\"@id\":\"https:\\\/\\\/protrain-canada.com\\\/fr\\\/private-training\\\/#breadcrumb\",\"itemListElement\":[{\"@type\":\"ListItem\",\"position\":1,\"name\":\"Home\",\"item\":\"https:\\\/\\\/protrain-canada.com\\\/fr\\\/\"},{\"@type\":\"ListItem\",\"position\":2,\"name\":\"Private Training\"}]},{\"@type\":\"WebSite\",\"@id\":\"https:\\\/\\\/protrain-canada.com\\\/#website\",\"url\":\"https:\\\/\\\/protrain-canada.com\\\/\",\"name\":\"Protrain Canada\",\"description\":\"\",\"potentialAction\":[{\"@type\":\"SearchAction\",\"target\":{\"@type\":\"EntryPoint\",\"urlTemplate\":\"https:\\\/\\\/protrain-canada.com\\\/?s={search_term_string}\"},\"query-input\":{\"@type\":\"PropertyValueSpecification\",\"valueRequired\":true,\"valueName\":\"search_term_string\"}}],\"inLanguage\":\"fr-FR\"}]}<\/script>\n<!-- \/ Yoast SEO plugin. -->","yoast_head_json":{"title":"Private Training - Protrain Canada","robots":{"index":"index","follow":"follow","max-snippet":"max-snippet:-1","max-image-preview":"max-image-preview:large","max-video-preview":"max-video-preview:-1"},"canonical":"https:\/\/protrain-canada.com\/fr\/private-training\/","og_locale":"fr_FR","og_type":"article","og_title":"Private Training - Protrain Canada","og_description":"Nous vous \u00e9coutons, nous adaptons et nous ex\u00e9cutons. Depuis plus de 10 ans, le succ\u00e8s des programmes de d\u00e9veloppement de Protrain Canada est bas\u00e9 sur deux facteurs cl\u00e9s: nous \u00e9coutons\u2026 Lire la suite &rarr;","og_url":"https:\/\/protrain-canada.com\/fr\/private-training\/","og_site_name":"Protrain Canada","article_modified_time":"2016-11-02T20:40:32+00:00","twitter_card":"summary_large_image","twitter_misc":{"Dur\u00e9e de lecture estim\u00e9e":"3 minutes"},"schema":{"@context":"https:\/\/schema.org","@graph":[{"@type":"WebPage","@id":"https:\/\/protrain-canada.com\/fr\/private-training\/","url":"https:\/\/protrain-canada.com\/fr\/private-training\/","name":"Private Training - Protrain Canada","isPartOf":{"@id":"https:\/\/protrain-canada.com\/#website"},"datePublished":"2016-09-08T20:34:45+00:00","dateModified":"2016-11-02T20:40:32+00:00","breadcrumb":{"@id":"https:\/\/protrain-canada.com\/fr\/private-training\/#breadcrumb"},"inLanguage":"fr-FR","potentialAction":[{"@type":"ReadAction","target":["https:\/\/protrain-canada.com\/fr\/private-training\/"]}]},{"@type":"BreadcrumbList","@id":"https:\/\/protrain-canada.com\/fr\/private-training\/#breadcrumb","itemListElement":[{"@type":"ListItem","position":1,"name":"Home","item":"https:\/\/protrain-canada.com\/fr\/"},{"@type":"ListItem","position":2,"name":"Private Training"}]},{"@type":"WebSite","@id":"https:\/\/protrain-canada.com\/#website","url":"https:\/\/protrain-canada.com\/","name":"Protrain Canada","description":"","potentialAction":[{"@type":"SearchAction","target":{"@type":"EntryPoint","urlTemplate":"https:\/\/protrain-canada.com\/?s={search_term_string}"},"query-input":{"@type":"PropertyValueSpecification","valueRequired":true,"valueName":"search_term_string"}}],"inLanguage":"fr-FR"}]}},"_links":{"self":[{"href":"https:\/\/protrain-canada.com\/fr\/wp-json\/wp\/v2\/pages\/3596","targetHints":{"allow":["GET"]}}],"collection":[{"href":"https:\/\/protrain-canada.com\/fr\/wp-json\/wp\/v2\/pages"}],"about":[{"href":"https:\/\/protrain-canada.com\/fr\/wp-json\/wp\/v2\/types\/page"}],"author":[{"embeddable":true,"href":"https:\/\/protrain-canada.com\/fr\/wp-json\/wp\/v2\/users\/2"}],"replies":[{"embeddable":true,"href":"https:\/\/protrain-canada.com\/fr\/wp-json\/wp\/v2\/comments?post=3596"}],"version-history":[{"count":3,"href":"https:\/\/protrain-canada.com\/fr\/wp-json\/wp\/v2\/pages\/3596\/revisions"}],"predecessor-version":[{"id":3678,"href":"https:\/\/protrain-canada.com\/fr\/wp-json\/wp\/v2\/pages\/3596\/revisions\/3678"}],"wp:attachment":[{"href":"https:\/\/protrain-canada.com\/fr\/wp-json\/wp\/v2\/media?parent=3596"}],"curies":[{"name":"wp","href":"https:\/\/api.w.org\/{rel}","templated":true}]}}