{"id":3585,"date":"2016-09-08T20:27:02","date_gmt":"2016-09-08T20:27:02","guid":{"rendered":"http:\/\/protrain-canada.com\/fr\/?page_id=3585"},"modified":"2016-09-15T22:27:41","modified_gmt":"2016-09-15T22:27:41","slug":"michel-ouellette","status":"publish","type":"page","link":"https:\/\/protrain-canada.com\/fr\/michel-ouellette\/","title":{"rendered":"Michel Ouellette"},"content":{"rendered":"<div class=\"two_third\">\n<h3 class=\"title\"><span>Profile of Michel Ouellette<\/span><\/h3>\n<p style=\"text-align: justify;\">Bilingue, j&rsquo;ai voyag\u00e9 dans plus de 20 pays incluant l&rsquo;Am\u00e9rique, l&rsquo;Europe, l&rsquo;Afrique &#038; l&rsquo;Asie. J&rsquo;aimerais bien apprendre d&rsquo;autres langues dans le futur (Espagnol, Portuguais ou Mandarin)<\/p>\n<blockquote><p>Recherche et planification dans le but d&rsquo;atteindre mes diff\u00e9rents buts d&rsquo;affaires<\/p><\/blockquote>\n<p style=\"text-align: justify;\">Michel a d\u00e9velopp\u00e9 une grande expertise dans Oracle R12 E-Business Suite et de SQL Developer. Il comprends l&rsquo;ensemble du cycle financier et la gestion des projets au sein des diff\u00e9rentes divisions de SNC-Lavalin. Michel est \u00e9galement responsable de la r\u00e9partition des t\u00e2ches et de la s\u00e9curit\u00e9. Il a \u00e9galement de l&rsquo;exp\u00e9rience en conversions \u00e0 travers le Canada et il soutient les utilisateurs avec leur cycle de facturation. Michel a \u00e9galement travaill\u00e9 avec diff\u00e9rents portefeuille de gestion de projets chez Bombardier A\u00e9ronautique.<\/p>\n<div class=\"gap\" style=\"height: 40px;\"><\/div>\n<h3 class=\"title\"><span>Commentaires de clients satisfaits<\/span><\/h3>\n<div class=\"testimonial\">Je connais Michel depuis nos d\u00e9buts Universitaire. Gr\u00e2ce \u00e0 ces ann\u00e9es, j&rsquo;ai eu l&rsquo;occasion de voir son ambition, sa personnalit\u00e9 et ses qualit\u00e9s de leader. Que ce soit pour des projets scolaires ou les activit\u00e9s sociales; j&rsquo;ai rarement rencontr\u00e9 quelqu&rsquo;un qui motive les gens comme il le fait. Ce qui me frappe le plus chez Michel? Il est passionn\u00e9 dans tout ce qu&rsquo;il entreprend. Il est honn\u00eatement un mod\u00e8le pour moi.<\/div>\n<div class=\"testimonial-author\">Patrick Chammas<\/div>\n<\/div>\n<div class=\"one_third last\">\n<div class=\"member\">\n<div class='member-img'><img src='\/wp-content\/uploads\/2016\/02\/michel.jpg' \/><\/div>\n<h4>Michel Ouellette<\/h4>\n<div class=\"member-role\">Designer Web &#038; D\u00e9veloppement d&rsquo;Affaires<\/div>\n<p>Analyste Syst\u00e8me Financier &#8211; Passionn\u00e9 par l&rsquo;Intelligence d&rsquo;Affaires &#038; la S\u00e9curit\u00e9 T.I.<\/p><\/div>\n<div class=\"gap\" style=\"height: 30px;\"><\/div>\n<div class=\"accordion\" rel=\"0\">\n<div class=\"accordion-title\"><a href=\"#\">\u00c9ducation<\/a><\/div>\n<div class=\"accordion-inner\">HEC Montreal &#8211; BAA TI &#038; Finance <br \/> Sciences Po, Paris Master Finance<\/div>\n<div class=\"accordion-title\"><a href=\"#\">Exp\u00e9rience<\/a><\/div>\n<div class=\"accordion-inner\">Analyste Syst\u00e8me Financier &#8211; SNC-Lavalin <br \/> Business Relation Manager &#8211; Bombardier<br \/>Rep. Ventes &#8211; Pepsico<\/div>\n<div class=\"accordion-title\"><a href=\"#\">Contactez Michel<\/a><\/div>\n<div class=\"accordion-inner\">Protrain Canada <br \/> Info@protrain-canada.com <br \/> +514 433-8223<\/div>\n<\/div>\n<div class=\"gap\" style=\"height: 20px;\"><\/div>\n<h3 class=\"title\"><span>Social<\/span><\/h3>\n<div class=\"social-icon social-twitter\"><a href=\"https:\/\/twitter.com\/MichelOuellette\" title=\"Twitter\" target=\"_blank\">Twitter<\/a><\/div>\n<div class=\"social-icon social-linkedin\"><a href=\"http:\/\/www.linkedin.com\/pub\/michel-ouellette\/1b\/869\/b12\" title=\"Linkedin\" target=\"_blank\">Linkedin<\/a><\/div>\n<\/div>\n<div class=\"clear\"><\/div>\n","protected":false},"excerpt":{"rendered":"<p>Profile of Michel Ouellette Bilingue, j&rsquo;ai voyag\u00e9 dans plus de 20 pays incluant l&rsquo;Am\u00e9rique, l&rsquo;Europe, l&rsquo;Afrique &#038; l&rsquo;Asie. J&rsquo;aimerais bien apprendre d&rsquo;autres langues dans le futur (Espagnol, Portuguais ou Mandarin)\u2026 <a href=\"https:\/\/protrain-canada.com\/fr\/michel-ouellette\/\" class=\"read-more-link\">Lire la suite &rarr;<\/a><\/p>\n","protected":false},"author":2,"featured_media":0,"parent":0,"menu_order":0,"comment_status":"closed","ping_status":"closed","template":"page-fullwidth.php","meta":{"om_disable_all_campaigns":false,"_monsterinsights_skip_tracking":false,"_monsterinsights_sitenote_active":false,"_monsterinsights_sitenote_note":"","_monsterinsights_sitenote_category":0,"footnotes":""},"class_list":["post-3585","page","type-page","status-publish","hentry"],"yoast_head":"<!-- This site is optimized with the Yoast SEO plugin v27.5 - https:\/\/yoast.com\/product\/yoast-seo-wordpress\/ -->\n<title>Michel Ouellette - Protrain Canada<\/title>\n<meta name=\"robots\" content=\"index, follow, max-snippet:-1, max-image-preview:large, max-video-preview:-1\" \/>\n<link rel=\"canonical\" href=\"https:\/\/protrain-canada.com\/fr\/michel-ouellette\/\" \/>\n<meta property=\"og:locale\" content=\"fr_FR\" \/>\n<meta property=\"og:type\" content=\"article\" \/>\n<meta property=\"og:title\" content=\"Michel Ouellette - Protrain Canada\" \/>\n<meta property=\"og:description\" content=\"Profile of Michel Ouellette Bilingue, j&rsquo;ai voyag\u00e9 dans plus de 20 pays incluant l&rsquo;Am\u00e9rique, l&rsquo;Europe, l&rsquo;Afrique &#038; l&rsquo;Asie. J&rsquo;aimerais bien apprendre d&rsquo;autres langues dans le futur (Espagnol, Portuguais ou Mandarin)\u2026 Lire la suite &rarr;\" \/>\n<meta property=\"og:url\" content=\"https:\/\/protrain-canada.com\/fr\/michel-ouellette\/\" \/>\n<meta property=\"og:site_name\" content=\"Protrain Canada\" \/>\n<meta property=\"article:modified_time\" content=\"2016-09-15T22:27:41+00:00\" \/>\n<meta name=\"twitter:card\" content=\"summary_large_image\" \/>\n<meta name=\"twitter:label1\" content=\"Dur\u00e9e de lecture estim\u00e9e\" \/>\n\t<meta name=\"twitter:data1\" content=\"2 minutes\" \/>\n<script type=\"application\/ld+json\" class=\"yoast-schema-graph\">{\"@context\":\"https:\\\/\\\/schema.org\",\"@graph\":[{\"@type\":\"WebPage\",\"@id\":\"https:\\\/\\\/protrain-canada.com\\\/fr\\\/michel-ouellette\\\/\",\"url\":\"https:\\\/\\\/protrain-canada.com\\\/fr\\\/michel-ouellette\\\/\",\"name\":\"Michel Ouellette - Protrain Canada\",\"isPartOf\":{\"@id\":\"https:\\\/\\\/protrain-canada.com\\\/#website\"},\"datePublished\":\"2016-09-08T20:27:02+00:00\",\"dateModified\":\"2016-09-15T22:27:41+00:00\",\"breadcrumb\":{\"@id\":\"https:\\\/\\\/protrain-canada.com\\\/fr\\\/michel-ouellette\\\/#breadcrumb\"},\"inLanguage\":\"fr-FR\",\"potentialAction\":[{\"@type\":\"ReadAction\",\"target\":[\"https:\\\/\\\/protrain-canada.com\\\/fr\\\/michel-ouellette\\\/\"]}]},{\"@type\":\"BreadcrumbList\",\"@id\":\"https:\\\/\\\/protrain-canada.com\\\/fr\\\/michel-ouellette\\\/#breadcrumb\",\"itemListElement\":[{\"@type\":\"ListItem\",\"position\":1,\"name\":\"Home\",\"item\":\"https:\\\/\\\/protrain-canada.com\\\/fr\\\/\"},{\"@type\":\"ListItem\",\"position\":2,\"name\":\"Michel Ouellette\"}]},{\"@type\":\"WebSite\",\"@id\":\"https:\\\/\\\/protrain-canada.com\\\/#website\",\"url\":\"https:\\\/\\\/protrain-canada.com\\\/\",\"name\":\"Protrain Canada\",\"description\":\"\",\"potentialAction\":[{\"@type\":\"SearchAction\",\"target\":{\"@type\":\"EntryPoint\",\"urlTemplate\":\"https:\\\/\\\/protrain-canada.com\\\/?s={search_term_string}\"},\"query-input\":{\"@type\":\"PropertyValueSpecification\",\"valueRequired\":true,\"valueName\":\"search_term_string\"}}],\"inLanguage\":\"fr-FR\"}]}<\/script>\n<!-- \/ Yoast SEO plugin. -->","yoast_head_json":{"title":"Michel Ouellette - Protrain Canada","robots":{"index":"index","follow":"follow","max-snippet":"max-snippet:-1","max-image-preview":"max-image-preview:large","max-video-preview":"max-video-preview:-1"},"canonical":"https:\/\/protrain-canada.com\/fr\/michel-ouellette\/","og_locale":"fr_FR","og_type":"article","og_title":"Michel Ouellette - Protrain Canada","og_description":"Profile of Michel Ouellette Bilingue, j&rsquo;ai voyag\u00e9 dans plus de 20 pays incluant l&rsquo;Am\u00e9rique, l&rsquo;Europe, l&rsquo;Afrique &#038; l&rsquo;Asie. J&rsquo;aimerais bien apprendre d&rsquo;autres langues dans le futur (Espagnol, Portuguais ou Mandarin)\u2026 Lire la suite &rarr;","og_url":"https:\/\/protrain-canada.com\/fr\/michel-ouellette\/","og_site_name":"Protrain Canada","article_modified_time":"2016-09-15T22:27:41+00:00","twitter_card":"summary_large_image","twitter_misc":{"Dur\u00e9e de lecture estim\u00e9e":"2 minutes"},"schema":{"@context":"https:\/\/schema.org","@graph":[{"@type":"WebPage","@id":"https:\/\/protrain-canada.com\/fr\/michel-ouellette\/","url":"https:\/\/protrain-canada.com\/fr\/michel-ouellette\/","name":"Michel Ouellette - Protrain Canada","isPartOf":{"@id":"https:\/\/protrain-canada.com\/#website"},"datePublished":"2016-09-08T20:27:02+00:00","dateModified":"2016-09-15T22:27:41+00:00","breadcrumb":{"@id":"https:\/\/protrain-canada.com\/fr\/michel-ouellette\/#breadcrumb"},"inLanguage":"fr-FR","potentialAction":[{"@type":"ReadAction","target":["https:\/\/protrain-canada.com\/fr\/michel-ouellette\/"]}]},{"@type":"BreadcrumbList","@id":"https:\/\/protrain-canada.com\/fr\/michel-ouellette\/#breadcrumb","itemListElement":[{"@type":"ListItem","position":1,"name":"Home","item":"https:\/\/protrain-canada.com\/fr\/"},{"@type":"ListItem","position":2,"name":"Michel Ouellette"}]},{"@type":"WebSite","@id":"https:\/\/protrain-canada.com\/#website","url":"https:\/\/protrain-canada.com\/","name":"Protrain Canada","description":"","potentialAction":[{"@type":"SearchAction","target":{"@type":"EntryPoint","urlTemplate":"https:\/\/protrain-canada.com\/?s={search_term_string}"},"query-input":{"@type":"PropertyValueSpecification","valueRequired":true,"valueName":"search_term_string"}}],"inLanguage":"fr-FR"}]}},"_links":{"self":[{"href":"https:\/\/protrain-canada.com\/fr\/wp-json\/wp\/v2\/pages\/3585","targetHints":{"allow":["GET"]}}],"collection":[{"href":"https:\/\/protrain-canada.com\/fr\/wp-json\/wp\/v2\/pages"}],"about":[{"href":"https:\/\/protrain-canada.com\/fr\/wp-json\/wp\/v2\/types\/page"}],"author":[{"embeddable":true,"href":"https:\/\/protrain-canada.com\/fr\/wp-json\/wp\/v2\/users\/2"}],"replies":[{"embeddable":true,"href":"https:\/\/protrain-canada.com\/fr\/wp-json\/wp\/v2\/comments?post=3585"}],"version-history":[{"count":2,"href":"https:\/\/protrain-canada.com\/fr\/wp-json\/wp\/v2\/pages\/3585\/revisions"}],"predecessor-version":[{"id":3651,"href":"https:\/\/protrain-canada.com\/fr\/wp-json\/wp\/v2\/pages\/3585\/revisions\/3651"}],"wp:attachment":[{"href":"https:\/\/protrain-canada.com\/fr\/wp-json\/wp\/v2\/media?parent=3585"}],"curies":[{"name":"wp","href":"https:\/\/api.w.org\/{rel}","templated":true}]}}