{"id":3582,"date":"2016-09-08T20:25:38","date_gmt":"2016-09-08T20:25:38","guid":{"rendered":"http:\/\/protrain-canada.com\/fr\/?page_id=3582"},"modified":"2016-09-15T22:27:52","modified_gmt":"2016-09-15T22:27:52","slug":"mathieu-laferriere","status":"publish","type":"page","link":"https:\/\/protrain-canada.com\/fr\/mathieu-laferriere\/","title":{"rendered":"Mathieu Laferriere"},"content":{"rendered":"<div class=\"two_third\">\n<h3 class=\"title\"><span>Profil de Mathieu Laferri\u00e8re<\/span><\/h3>\n<p style=\"text-align: justify;\">Ing\u00e9nieur dipl\u00f4m\u00e9 de l&rsquo;\u00c9cole Polytechnique de Montr\u00e9al, Mathieu Laferri\u00e8re a plus de 11 ans d&rsquo;exp\u00e9rience en informatique, logiciel, d\u00e9veloppement de produits, gestion de projet, gestion des op\u00e9rations et l&rsquo;am\u00e9lioration continue au sein des entreprises nationales et internationales.<\/p>\n<blockquote><p>Il est passionn\u00e9 par la gestion et les relations humaines dans un environnement technique et cr\u00e9atif.<\/p><\/blockquote>\n<p style=\"text-align: justify;\">Il travaille en permanence sur son r\u00e9seau pour cr\u00e9er des opportunit\u00e9s et des interactions entre de nombreux organismes de Montr\u00e9al, tels que le R\u00e9seau ACTION TI et PMI-Montr\u00e9al. Mathieu donne une formation interactive pour d\u00e9mystifier les r\u00e9seaux sociaux. Il est un passionn\u00e9 de la gestion et des relations humaines dans un environnement technique et cr\u00e9atif.<\/p>\n<div class=\"gap\" style=\"height: 40px;\"><\/div>\n<h3 class=\"title\"><span>Commentaires de clients satisfaits<\/span><\/h3>\n<div class=\"testimonial\">Mathieu nous a donn\u00e9 de l&rsquo;infromation cruciale qui nous a aid\u00e9s \u00e0 b\u00e2tir notre strat\u00e9gie LinkedIn. Il \u00e9tait bien pr\u00e9par\u00e9 et capable de r\u00e9pondre \u00e0 de multiples questions pour nos employ\u00e9s. Je recommande fortement Mathieu si vous avez besoin de conseils dans les r\u00e9seaux sociaux<\/div>\n<div class=\"testimonial-author\">Charles-Etienne Guignard &#8211; Director CANIMEX<\/div>\n<div class=\"testimonial\">Mathieu a fait un travail incroyable en Lean Management et Project pour Roche Ltd Je le recommande fortement<\/div>\n<div class=\"testimonial-author\">Yvan Laberge &#8211; Roche Ltd<\/div>\n<div class=\"testimonial\">Toujours pr\u00eat \u00e0 donner et partager de l&rsquo;information professionnelle, Mathieu est aussi ing\u00e9nieux \u00e0 d\u00e9couvrir de nouvelles fa\u00e7ons de r\u00e9soudre les probl\u00e8mes. Comme tous les dirigeants, il est minutieux, disciplin\u00e9e et toujours pr\u00eat.<\/div>\n<div class=\"testimonial-author\">Ghassan Chemali, M.Sc.A.<\/div>\n<\/div>\n<div class=\"one_third last\">\n<div class=\"member\">\n<div class='member-img'><img src='\/wp-content\/uploads\/2016\/02\/mathieu.jpg' \/><\/div>\n<h4>Mathieu Laferri\u00e8re<\/h4>\n<div class=\"member-role\">Formateur &amp; Consultant<\/div>\n<p>Consultant, Formateur &amp; Sp\u00e9cialiste LinkedIn. Strat\u00e9gie Web pour les petites entreprises<\/p><\/div>\n<div class=\"gap\" style=\"height: 30px;\"><\/div>\n<div class=\"accordion\" rel=\"0\">\n<div class=\"accordion-title\"><a href=\"#\">\u00c9ducation<\/a><\/div>\n<div class=\"accordion-inner\">B. Eng &#8211; Polytechnique Montreal<br \/>\nCertification PMP<\/div>\n<div class=\"accordion-title\"><a href=\"#\">Exp\u00e9rience<\/a><\/div>\n<div class=\"accordion-inner\">Consultant r\u00e9seaux sociaux<br \/>\nPropri\u00e9taire &#8211; Web2Biz<br \/>\nDirecteur Op\u00e9rations &#8211; Comact<\/div>\n<div class=\"accordion-title\"><a href=\"#\">Contactez Mathieu<\/a><\/div>\n<div class=\"accordion-inner\">Protrain Canada<br \/>\nInfo@protrain-canada.com<br \/>\n+514 433-8223<\/div>\n<\/div>\n<div class=\"gap\" style=\"height: 20px;\"><\/div>\n<h3 class=\"title\"><span>Social<\/span><\/h3>\n<div class=\"social-icon social-twitter\"><a href=\"https:\/\/twitter.com\/mlaferriere\" title=\"Twitter\" target=\"_blank\">Twitter<\/a><\/div>\n<div class=\"social-icon social-linkedin\"><a href=\"http:\/\/www.linkedin.com\/profile\/view?id=13031711&amp;trk=tyah&amp;locale=en_US\" title=\"Linkedin\" target=\"_blank\">Linkedin<\/a><\/div>\n<\/div>\n<div class=\"clear\"><\/div>\n","protected":false},"excerpt":{"rendered":"<p>Profil de Mathieu Laferri\u00e8re Ing\u00e9nieur dipl\u00f4m\u00e9 de l&rsquo;\u00c9cole Polytechnique de Montr\u00e9al, Mathieu Laferri\u00e8re a plus de 11 ans d&rsquo;exp\u00e9rience en informatique, logiciel, d\u00e9veloppement de produits, gestion de projet, gestion des\u2026 <a href=\"https:\/\/protrain-canada.com\/fr\/mathieu-laferriere\/\" class=\"read-more-link\">Lire la suite &rarr;<\/a><\/p>\n","protected":false},"author":2,"featured_media":0,"parent":0,"menu_order":0,"comment_status":"closed","ping_status":"closed","template":"page-fullwidth.php","meta":{"om_disable_all_campaigns":false,"_monsterinsights_skip_tracking":false,"_monsterinsights_sitenote_active":false,"_monsterinsights_sitenote_note":"","_monsterinsights_sitenote_category":0,"footnotes":""},"class_list":["post-3582","page","type-page","status-publish","hentry"],"yoast_head":"<!-- This site is optimized with the Yoast SEO plugin v27.5 - https:\/\/yoast.com\/product\/yoast-seo-wordpress\/ -->\n<title>Mathieu Laferriere - Protrain Canada<\/title>\n<meta name=\"robots\" content=\"index, follow, max-snippet:-1, max-image-preview:large, max-video-preview:-1\" \/>\n<link rel=\"canonical\" href=\"https:\/\/protrain-canada.com\/fr\/mathieu-laferriere\/\" \/>\n<meta property=\"og:locale\" content=\"fr_FR\" \/>\n<meta property=\"og:type\" content=\"article\" \/>\n<meta property=\"og:title\" content=\"Mathieu Laferriere - Protrain Canada\" \/>\n<meta property=\"og:description\" content=\"Profil de Mathieu Laferri\u00e8re Ing\u00e9nieur dipl\u00f4m\u00e9 de l&rsquo;\u00c9cole Polytechnique de Montr\u00e9al, Mathieu Laferri\u00e8re a plus de 11 ans d&rsquo;exp\u00e9rience en informatique, logiciel, d\u00e9veloppement de produits, gestion de projet, gestion des\u2026 Lire la suite &rarr;\" \/>\n<meta property=\"og:url\" content=\"https:\/\/protrain-canada.com\/fr\/mathieu-laferriere\/\" \/>\n<meta property=\"og:site_name\" content=\"Protrain Canada\" \/>\n<meta property=\"article:modified_time\" content=\"2016-09-15T22:27:52+00:00\" \/>\n<meta name=\"twitter:card\" content=\"summary_large_image\" \/>\n<meta name=\"twitter:label1\" content=\"Dur\u00e9e de lecture estim\u00e9e\" \/>\n\t<meta name=\"twitter:data1\" content=\"2 minutes\" \/>\n<script type=\"application\/ld+json\" class=\"yoast-schema-graph\">{\"@context\":\"https:\\\/\\\/schema.org\",\"@graph\":[{\"@type\":\"WebPage\",\"@id\":\"https:\\\/\\\/protrain-canada.com\\\/fr\\\/mathieu-laferriere\\\/\",\"url\":\"https:\\\/\\\/protrain-canada.com\\\/fr\\\/mathieu-laferriere\\\/\",\"name\":\"Mathieu Laferriere - Protrain Canada\",\"isPartOf\":{\"@id\":\"https:\\\/\\\/protrain-canada.com\\\/#website\"},\"datePublished\":\"2016-09-08T20:25:38+00:00\",\"dateModified\":\"2016-09-15T22:27:52+00:00\",\"breadcrumb\":{\"@id\":\"https:\\\/\\\/protrain-canada.com\\\/fr\\\/mathieu-laferriere\\\/#breadcrumb\"},\"inLanguage\":\"fr-FR\",\"potentialAction\":[{\"@type\":\"ReadAction\",\"target\":[\"https:\\\/\\\/protrain-canada.com\\\/fr\\\/mathieu-laferriere\\\/\"]}]},{\"@type\":\"BreadcrumbList\",\"@id\":\"https:\\\/\\\/protrain-canada.com\\\/fr\\\/mathieu-laferriere\\\/#breadcrumb\",\"itemListElement\":[{\"@type\":\"ListItem\",\"position\":1,\"name\":\"Home\",\"item\":\"https:\\\/\\\/protrain-canada.com\\\/fr\\\/\"},{\"@type\":\"ListItem\",\"position\":2,\"name\":\"Mathieu Laferriere\"}]},{\"@type\":\"WebSite\",\"@id\":\"https:\\\/\\\/protrain-canada.com\\\/#website\",\"url\":\"https:\\\/\\\/protrain-canada.com\\\/\",\"name\":\"Protrain Canada\",\"description\":\"\",\"potentialAction\":[{\"@type\":\"SearchAction\",\"target\":{\"@type\":\"EntryPoint\",\"urlTemplate\":\"https:\\\/\\\/protrain-canada.com\\\/?s={search_term_string}\"},\"query-input\":{\"@type\":\"PropertyValueSpecification\",\"valueRequired\":true,\"valueName\":\"search_term_string\"}}],\"inLanguage\":\"fr-FR\"}]}<\/script>\n<!-- \/ Yoast SEO plugin. -->","yoast_head_json":{"title":"Mathieu Laferriere - Protrain Canada","robots":{"index":"index","follow":"follow","max-snippet":"max-snippet:-1","max-image-preview":"max-image-preview:large","max-video-preview":"max-video-preview:-1"},"canonical":"https:\/\/protrain-canada.com\/fr\/mathieu-laferriere\/","og_locale":"fr_FR","og_type":"article","og_title":"Mathieu Laferriere - Protrain Canada","og_description":"Profil de Mathieu Laferri\u00e8re Ing\u00e9nieur dipl\u00f4m\u00e9 de l&rsquo;\u00c9cole Polytechnique de Montr\u00e9al, Mathieu Laferri\u00e8re a plus de 11 ans d&rsquo;exp\u00e9rience en informatique, logiciel, d\u00e9veloppement de produits, gestion de projet, gestion des\u2026 Lire la suite &rarr;","og_url":"https:\/\/protrain-canada.com\/fr\/mathieu-laferriere\/","og_site_name":"Protrain Canada","article_modified_time":"2016-09-15T22:27:52+00:00","twitter_card":"summary_large_image","twitter_misc":{"Dur\u00e9e de lecture estim\u00e9e":"2 minutes"},"schema":{"@context":"https:\/\/schema.org","@graph":[{"@type":"WebPage","@id":"https:\/\/protrain-canada.com\/fr\/mathieu-laferriere\/","url":"https:\/\/protrain-canada.com\/fr\/mathieu-laferriere\/","name":"Mathieu Laferriere - Protrain Canada","isPartOf":{"@id":"https:\/\/protrain-canada.com\/#website"},"datePublished":"2016-09-08T20:25:38+00:00","dateModified":"2016-09-15T22:27:52+00:00","breadcrumb":{"@id":"https:\/\/protrain-canada.com\/fr\/mathieu-laferriere\/#breadcrumb"},"inLanguage":"fr-FR","potentialAction":[{"@type":"ReadAction","target":["https:\/\/protrain-canada.com\/fr\/mathieu-laferriere\/"]}]},{"@type":"BreadcrumbList","@id":"https:\/\/protrain-canada.com\/fr\/mathieu-laferriere\/#breadcrumb","itemListElement":[{"@type":"ListItem","position":1,"name":"Home","item":"https:\/\/protrain-canada.com\/fr\/"},{"@type":"ListItem","position":2,"name":"Mathieu Laferriere"}]},{"@type":"WebSite","@id":"https:\/\/protrain-canada.com\/#website","url":"https:\/\/protrain-canada.com\/","name":"Protrain Canada","description":"","potentialAction":[{"@type":"SearchAction","target":{"@type":"EntryPoint","urlTemplate":"https:\/\/protrain-canada.com\/?s={search_term_string}"},"query-input":{"@type":"PropertyValueSpecification","valueRequired":true,"valueName":"search_term_string"}}],"inLanguage":"fr-FR"}]}},"_links":{"self":[{"href":"https:\/\/protrain-canada.com\/fr\/wp-json\/wp\/v2\/pages\/3582","targetHints":{"allow":["GET"]}}],"collection":[{"href":"https:\/\/protrain-canada.com\/fr\/wp-json\/wp\/v2\/pages"}],"about":[{"href":"https:\/\/protrain-canada.com\/fr\/wp-json\/wp\/v2\/types\/page"}],"author":[{"embeddable":true,"href":"https:\/\/protrain-canada.com\/fr\/wp-json\/wp\/v2\/users\/2"}],"replies":[{"embeddable":true,"href":"https:\/\/protrain-canada.com\/fr\/wp-json\/wp\/v2\/comments?post=3582"}],"version-history":[{"count":2,"href":"https:\/\/protrain-canada.com\/fr\/wp-json\/wp\/v2\/pages\/3582\/revisions"}],"predecessor-version":[{"id":3653,"href":"https:\/\/protrain-canada.com\/fr\/wp-json\/wp\/v2\/pages\/3582\/revisions\/3653"}],"wp:attachment":[{"href":"https:\/\/protrain-canada.com\/fr\/wp-json\/wp\/v2\/media?parent=3582"}],"curies":[{"name":"wp","href":"https:\/\/api.w.org\/{rel}","templated":true}]}}