{"id":3570,"date":"2016-09-08T20:19:35","date_gmt":"2016-09-08T20:19:35","guid":{"rendered":"http:\/\/protrain-canada.com\/fr\/?page_id=3570"},"modified":"2016-09-15T22:28:05","modified_gmt":"2016-09-15T22:28:05","slug":"claude-dubois","status":"publish","type":"page","link":"https:\/\/protrain-canada.com\/fr\/claude-dubois\/","title":{"rendered":"Claude Dubois"},"content":{"rendered":"<div class=\"two_third\">\n<h3 class=\"title\"><span>Profile de Claude Dubois<\/span><\/h3>\n<p style=\"text-align: justify;\">Claude poss\u00e8de plus de 30 ans d\u2019exp\u00e9rience dont la majeure partie dans les domaines de cha\u00eenes d\u2019approvisionnement, op\u00e9rations manufacturi\u00e8res et r\u00e9duction de co\u00fbts. Claude a travaill\u00e9 chez Nortel pendant 23 ans dont 11 ann\u00e9es en tant que vice-pr\u00e9sident pendant lesquelles  il f\u00fbt responsable d\u2019op\u00e9rations \u00e0 l\u2019\u00e9chelle internationale incluant  des op\u00e9rations manufacturi\u00e8res au Canada, \u00c9tats-Unis, France, Irlande du Nord et Chine. Il \u00e9tait responsable des op\u00e9rations supportant plus de $10 milliards de revenus. <\/p>\n<blockquote><p>Aider les organisations dans leurs efforts de r\u00e9duction de co\u00fbts<\/p><\/blockquote>\n<p style=\"text-align: justify;\">Ses responsabilit\u00e9s couvraient aussi l\u2019\u00e9tablissement de nouvelles cha\u00eenes d\u2019approvisionnement, de l\u2019implantation de programmes de r\u00e9duction de co\u00fbts et  d\u2019am\u00e9lioration continue. Claude a aussi \u00e9t\u00e9 V.P. Op\u00e9rations  chez Hewitt \u00c9quipement (important concessionnaire Caterpillar pour le Qu\u00e9bec et les Maritimes). Il est aussi Pr\u00e9sident de sa propre firme de consultation se sp\u00e9cialisant dans l\u2019\u00e9laboration et l\u2019implantation de programmes de r\u00e9duction de co\u00fbts et l\u2019am\u00e9lioration des marges b\u00e9n\u00e9ficiaires. Sa firme a aussi b\u00e2ti des cha\u00eenes d\u2019approvisionnement pour des entreprises en d\u00e9marrage.<\/p>\n<div class=\"gap\" style=\"height: 40px;\"><\/div>\n<h3 class=\"title\"><span>Commentaires de clients satisfaits<\/span><\/h3>\n<div class=\"testimonial\">TBD<\/div>\n<div class=\"testimonial-author\">TBD<\/div>\n<\/div>\n<div class=\"one_third last\">\n<div class=\"member\">\n<div class='member-img'><img src='\/wp-content\/uploads\/2016\/02\/claude-dubois-1.jpg' \/><\/div>\n<h4>Claude Dubois<\/h4>\n<div class=\"member-role\">Consultant R\u00e9duction de co\u00fbts<\/div>\n<p>Aider les organisations \u00e0 r\u00e9ussir leurs objectifs de r\u00e9duction de co\u00fbts et simplification de processus<\/p><\/div>\n<div class=\"gap\" style=\"height: 30px;\"><\/div>\n<div class=\"accordion\" rel=\"0\">\n<div class=\"accordion-title\"><a href=\"#\">\u00c9ducation<\/a><\/div>\n<div class=\"accordion-inner\">BAA &#8211; Universit\u00e9 Concordia<\/div>\n<div class=\"accordion-title\"><a href=\"#\">Exp\u00e9rience<\/a><\/div>\n<div class=\"accordion-inner\">VP Operations &#038; Ventes &#8211; Hewitt<br \/>Directeur Senior &#8211; Aero Industry <br \/>VP Supply Chain &#8211; Nortel<\/div>\n<div class=\"accordion-title\"><a href=\"#\">Contactez Claude<\/a><\/div>\n<div class=\"accordion-inner\">Protrain Canada <br \/> Info@protrain-canada.com <br \/> +514 433-8223<\/div>\n<\/div>\n<div class=\"gap\" style=\"height: 20px;\"><\/div>\n<h3 class=\"title\"><span>Social<\/span><\/h3>\n<div class=\"social-icon social-linkedin\"><a href=\"https:\/\/ca.linkedin.com\/pub\/claude-dubois\/3\/870\/882\" title=\"Linkedin\" target=\"_blank\">Linkedin<\/a><\/div>\n<\/div>\n<div class=\"clear\"><\/div>\n","protected":false},"excerpt":{"rendered":"<p>Profile de Claude Dubois Claude poss\u00e8de plus de 30 ans d\u2019exp\u00e9rience dont la majeure partie dans les domaines de cha\u00eenes d\u2019approvisionnement, op\u00e9rations manufacturi\u00e8res et r\u00e9duction de co\u00fbts. Claude a travaill\u00e9\u2026 <a href=\"https:\/\/protrain-canada.com\/fr\/claude-dubois\/\" class=\"read-more-link\">Lire la suite &rarr;<\/a><\/p>\n","protected":false},"author":2,"featured_media":0,"parent":0,"menu_order":0,"comment_status":"closed","ping_status":"closed","template":"page-fullwidth.php","meta":{"om_disable_all_campaigns":false,"_monsterinsights_skip_tracking":false,"_monsterinsights_sitenote_active":false,"_monsterinsights_sitenote_note":"","_monsterinsights_sitenote_category":0,"footnotes":""},"class_list":["post-3570","page","type-page","status-publish","hentry"],"yoast_head":"<!-- This site is optimized with the Yoast SEO plugin v27.5 - https:\/\/yoast.com\/product\/yoast-seo-wordpress\/ -->\n<title>Claude Dubois - Protrain Canada<\/title>\n<meta name=\"robots\" content=\"index, follow, max-snippet:-1, max-image-preview:large, max-video-preview:-1\" \/>\n<link rel=\"canonical\" href=\"https:\/\/protrain-canada.com\/fr\/claude-dubois\/\" \/>\n<meta property=\"og:locale\" content=\"fr_FR\" \/>\n<meta property=\"og:type\" content=\"article\" \/>\n<meta property=\"og:title\" content=\"Claude Dubois - Protrain Canada\" \/>\n<meta property=\"og:description\" content=\"Profile de Claude Dubois Claude poss\u00e8de plus de 30 ans d\u2019exp\u00e9rience dont la majeure partie dans les domaines de cha\u00eenes d\u2019approvisionnement, op\u00e9rations manufacturi\u00e8res et r\u00e9duction de co\u00fbts. Claude a travaill\u00e9\u2026 Lire la suite &rarr;\" \/>\n<meta property=\"og:url\" content=\"https:\/\/protrain-canada.com\/fr\/claude-dubois\/\" \/>\n<meta property=\"og:site_name\" content=\"Protrain Canada\" \/>\n<meta property=\"article:modified_time\" content=\"2016-09-15T22:28:05+00:00\" \/>\n<meta name=\"twitter:card\" content=\"summary_large_image\" \/>\n<meta name=\"twitter:label1\" content=\"Dur\u00e9e de lecture estim\u00e9e\" \/>\n\t<meta name=\"twitter:data1\" content=\"2 minutes\" \/>\n<script type=\"application\/ld+json\" class=\"yoast-schema-graph\">{\"@context\":\"https:\\\/\\\/schema.org\",\"@graph\":[{\"@type\":\"WebPage\",\"@id\":\"https:\\\/\\\/protrain-canada.com\\\/fr\\\/claude-dubois\\\/\",\"url\":\"https:\\\/\\\/protrain-canada.com\\\/fr\\\/claude-dubois\\\/\",\"name\":\"Claude Dubois - Protrain Canada\",\"isPartOf\":{\"@id\":\"https:\\\/\\\/protrain-canada.com\\\/#website\"},\"datePublished\":\"2016-09-08T20:19:35+00:00\",\"dateModified\":\"2016-09-15T22:28:05+00:00\",\"breadcrumb\":{\"@id\":\"https:\\\/\\\/protrain-canada.com\\\/fr\\\/claude-dubois\\\/#breadcrumb\"},\"inLanguage\":\"fr-FR\",\"potentialAction\":[{\"@type\":\"ReadAction\",\"target\":[\"https:\\\/\\\/protrain-canada.com\\\/fr\\\/claude-dubois\\\/\"]}]},{\"@type\":\"BreadcrumbList\",\"@id\":\"https:\\\/\\\/protrain-canada.com\\\/fr\\\/claude-dubois\\\/#breadcrumb\",\"itemListElement\":[{\"@type\":\"ListItem\",\"position\":1,\"name\":\"Home\",\"item\":\"https:\\\/\\\/protrain-canada.com\\\/fr\\\/\"},{\"@type\":\"ListItem\",\"position\":2,\"name\":\"Claude Dubois\"}]},{\"@type\":\"WebSite\",\"@id\":\"https:\\\/\\\/protrain-canada.com\\\/#website\",\"url\":\"https:\\\/\\\/protrain-canada.com\\\/\",\"name\":\"Protrain Canada\",\"description\":\"\",\"potentialAction\":[{\"@type\":\"SearchAction\",\"target\":{\"@type\":\"EntryPoint\",\"urlTemplate\":\"https:\\\/\\\/protrain-canada.com\\\/?s={search_term_string}\"},\"query-input\":{\"@type\":\"PropertyValueSpecification\",\"valueRequired\":true,\"valueName\":\"search_term_string\"}}],\"inLanguage\":\"fr-FR\"}]}<\/script>\n<!-- \/ Yoast SEO plugin. -->","yoast_head_json":{"title":"Claude Dubois - Protrain Canada","robots":{"index":"index","follow":"follow","max-snippet":"max-snippet:-1","max-image-preview":"max-image-preview:large","max-video-preview":"max-video-preview:-1"},"canonical":"https:\/\/protrain-canada.com\/fr\/claude-dubois\/","og_locale":"fr_FR","og_type":"article","og_title":"Claude Dubois - Protrain Canada","og_description":"Profile de Claude Dubois Claude poss\u00e8de plus de 30 ans d\u2019exp\u00e9rience dont la majeure partie dans les domaines de cha\u00eenes d\u2019approvisionnement, op\u00e9rations manufacturi\u00e8res et r\u00e9duction de co\u00fbts. Claude a travaill\u00e9\u2026 Lire la suite &rarr;","og_url":"https:\/\/protrain-canada.com\/fr\/claude-dubois\/","og_site_name":"Protrain Canada","article_modified_time":"2016-09-15T22:28:05+00:00","twitter_card":"summary_large_image","twitter_misc":{"Dur\u00e9e de lecture estim\u00e9e":"2 minutes"},"schema":{"@context":"https:\/\/schema.org","@graph":[{"@type":"WebPage","@id":"https:\/\/protrain-canada.com\/fr\/claude-dubois\/","url":"https:\/\/protrain-canada.com\/fr\/claude-dubois\/","name":"Claude Dubois - Protrain Canada","isPartOf":{"@id":"https:\/\/protrain-canada.com\/#website"},"datePublished":"2016-09-08T20:19:35+00:00","dateModified":"2016-09-15T22:28:05+00:00","breadcrumb":{"@id":"https:\/\/protrain-canada.com\/fr\/claude-dubois\/#breadcrumb"},"inLanguage":"fr-FR","potentialAction":[{"@type":"ReadAction","target":["https:\/\/protrain-canada.com\/fr\/claude-dubois\/"]}]},{"@type":"BreadcrumbList","@id":"https:\/\/protrain-canada.com\/fr\/claude-dubois\/#breadcrumb","itemListElement":[{"@type":"ListItem","position":1,"name":"Home","item":"https:\/\/protrain-canada.com\/fr\/"},{"@type":"ListItem","position":2,"name":"Claude Dubois"}]},{"@type":"WebSite","@id":"https:\/\/protrain-canada.com\/#website","url":"https:\/\/protrain-canada.com\/","name":"Protrain Canada","description":"","potentialAction":[{"@type":"SearchAction","target":{"@type":"EntryPoint","urlTemplate":"https:\/\/protrain-canada.com\/?s={search_term_string}"},"query-input":{"@type":"PropertyValueSpecification","valueRequired":true,"valueName":"search_term_string"}}],"inLanguage":"fr-FR"}]}},"_links":{"self":[{"href":"https:\/\/protrain-canada.com\/fr\/wp-json\/wp\/v2\/pages\/3570","targetHints":{"allow":["GET"]}}],"collection":[{"href":"https:\/\/protrain-canada.com\/fr\/wp-json\/wp\/v2\/pages"}],"about":[{"href":"https:\/\/protrain-canada.com\/fr\/wp-json\/wp\/v2\/types\/page"}],"author":[{"embeddable":true,"href":"https:\/\/protrain-canada.com\/fr\/wp-json\/wp\/v2\/users\/2"}],"replies":[{"embeddable":true,"href":"https:\/\/protrain-canada.com\/fr\/wp-json\/wp\/v2\/comments?post=3570"}],"version-history":[{"count":5,"href":"https:\/\/protrain-canada.com\/fr\/wp-json\/wp\/v2\/pages\/3570\/revisions"}],"predecessor-version":[{"id":3656,"href":"https:\/\/protrain-canada.com\/fr\/wp-json\/wp\/v2\/pages\/3570\/revisions\/3656"}],"wp:attachment":[{"href":"https:\/\/protrain-canada.com\/fr\/wp-json\/wp\/v2\/media?parent=3570"}],"curies":[{"name":"wp","href":"https:\/\/api.w.org\/{rel}","templated":true}]}}