{"id":3567,"date":"2016-09-08T20:16:57","date_gmt":"2016-09-08T20:16:57","guid":{"rendered":"http:\/\/protrain-canada.com\/fr\/?page_id=3567"},"modified":"2016-09-15T22:27:30","modified_gmt":"2016-09-15T22:27:30","slug":"sylvain-gauthier-mba-p-eng-pmp","status":"publish","type":"page","link":"https:\/\/protrain-canada.com\/fr\/sylvain-gauthier-mba-p-eng-pmp\/","title":{"rendered":"Sylvain Gauthier MBA, P.Eng, PMP"},"content":{"rendered":"<div class=\"two_third\">\n<h3 class=\"title\"><span>Profile de Sylvain Gauthier<\/span><\/h3>\n<p style=\"text-align: justify;\">Avec une exp\u00e9rience internationale professionnelle, Sylvain a voyag\u00e9 et g\u00e9r\u00e9 plusieurs projets \/ programmes \/ portfolios. Il a enseign\u00e9, entra\u00een\u00e9 et dirig\u00e9 des \u00e9quipes \u00e9lites dans la gestion de projets. Il Prosp\u00e8re dans un environnement innovant et artistique. Sylvain est capable de g\u00e9n\u00e9rer et d\u00e9velopper plusieurs id\u00e9es, n\u00e9gocier et entretenir des relations strat\u00e9giques internationales. Avec la capacit\u00e9 exceptionnelle d&rsquo;inspirer, il ex\u00e9cute une vision forte tout en appliquant des processus et cadres pour assurer la coh\u00e9rence et la qualit\u00e9 des livrables.<\/p>\n<blockquote><p>Il a livr\u00e9 une pr\u00e9sentation exceptionnelle au VIII CBGP 2013, au Br\u00e9sil, au sujet de la fa\u00e7on dont il g\u00e8re le cabinet du premier ministre du Cirque du Soleil.<\/p><\/blockquote>\n<p style=\"text-align: justify;\">Aujourd&rsquo;hui, il est l&rsquo;acteur principal entre les \u00e9quipes de projet, l&rsquo;\u00e9quipe de direction et les diff\u00e9rents services qui soutiennent la cr\u00e9ation de contenu cr\u00e9atif tels que des costumes, des accessoires, des chaussures, casting, studios de cr\u00e9ation, etc. Il est familier avec les enjeux et les nuances de ces diff\u00e9rents services afin d&rsquo;\u00eatre \u00e0 la fois animateur cr\u00e9atif, un entra\u00eeneur et un gardien du cadre de gestion de projets qu&rsquo;il a d\u00e9velopp\u00e9 sp\u00e9cialement pour le Cirque du Soleil. Il joue un r\u00f4le important entre les investisseurs internes et les \u00e9quipes.<\/p>\n<div class=\"gap\" style=\"height: 40px;\"><\/div>\n<h3 class=\"title\"><span>Commentaires de clients satisfaits<\/span><\/h3>\n<div class=\"testimonial\">J&rsquo;ai rencontr\u00e9 Sylvain pendant un cours de pr\u00e9paration au PMP. J&rsquo;ai \u00e9t\u00e9 tr\u00e8s heureux par son \u00e9nergie, son enthousiasme et sa connaissances en mati\u00e8re de gestion de projets. Un an plus tard, j&rsquo;ai embauch\u00e9 son service pour pr\u00e9parer un cours sur mesure pour notre \u00e9quipe de gestionnaires de projet. Je suis toujours impressionn\u00e9 par la fa\u00e7on dont il est capable d&rsquo;expliquer la th\u00e9orie d&rsquo;une mani\u00e8re tr\u00e8s pratique.<\/div>\n<div class=\"testimonial-author\">Charles Bourgault, Director CAE<\/div>\n<div class=\"testimonial\">Sylvain est un professionnel de la gestion de projet passionn\u00e9. Il a livr\u00e9 une pr\u00e9sentation exceptionnelle au VIII CBGP 2013, au Br\u00e9sil, au sujet de la fa\u00e7on dont il g\u00e8re le cabinet du premier ministre du Cirque du Soleil. Sa grande exp\u00e9rience dans les m\u00e9ga-projets et portfolio donne vie \u00e0 sa pr\u00e9sentation, pleine d&rsquo;\u00e9nergie. Je le recommande.<\/div>\n<div class=\"testimonial-author\">Mario Henrique Trentim<\/div>\n<div class=\"testimonial\">Sylvain est une personne tr\u00e8s intelligente qui a une vision int\u00e9ressante sur le d\u00e9veloppement de l&rsquo;entreprise. Il est en mesure de relier ses comp\u00e9tences en gestion de projets et l&rsquo;exp\u00e9rience de projets et nous conduire \u00e0 la r\u00e9ussite. Son style de formation est pratiqu. Il partage  plusieurs exp\u00e9riences pour votre avantage. Il m&rsquo;a aid\u00e9 \u00e0 comprendre la gestion de projets plus en d\u00e9tail. Sylvain est votre homme pour amener votre \u00e9quipe \u00e0 une toute nouvelle vitesse.<\/div>\n<div class=\"testimonial-author\">Marcel Ekkel &#8211; Consultant PMO<\/div>\n<div class=\"testimonial\">Sylvain est un leader fort et focus. Il peut \u00e9valuer rapidement une situation et voir le chemin le plus rapide pour r\u00e9ussir. Dans de nombreux temps de crise, j&rsquo;ai vu Sylvain prendre des d\u00e9cisions rapide, d\u00e9cisive et de g\u00e9rer de fa\u00e7on cr\u00e9ative la politique, le processus et les personnes impliqu\u00e9es. Il d\u00e9passe les difficult\u00e9s et de propose toujours une solution gagnante.<\/div>\n<div class=\"testimonial-author\">Dr. Clifford S. Saunders<\/div>\n<\/div>\n<div class=\"one_third last\">\n<div class=\"member\">\n<div class='member-img'><img src='\/wp-content\/uploads\/2016\/02\/sylvain.jpg' \/><\/div>\n<h4>Sylvain Gauthier<\/h4>\n<div class=\"member-role\">Propri\u00e9taire, Protrain Corporation inc<\/div>\n<p>Leader Gestion Contenu Cr\u00e9atif au Cirque Du Soleil. R\u00e9unissant les meilleurs esprits cr\u00e9atifs du Qu\u00e9bec !<\/p><\/div>\n<div class=\"gap\" style=\"height: 30px;\"><\/div>\n<div class=\"accordion\" rel=\"0\">\n<div class=\"accordion-title\"><a href=\"#\">\u00c9ducation<\/a><\/div>\n<div class=\"accordion-inner\">MBA &#8211; HEC Montreal <br \/> B Eng. &#8211; Polytechnique <br \/> Certification PMP<\/div>\n<div class=\"accordion-title\"><a href=\"#\">Exp\u00e9rience<\/a><\/div>\n<div class=\"accordion-inner\">Contenu Cr\u00e9atif &#8211; Cirque du Soleil <br \/>Conf\u00e9rencier &#8211; Universit\u00e9 McGill<br \/>Chef Projets Senior &#8211; Nortel Networks<\/div>\n<div class=\"accordion-title\"><a href=\"#\">Contactez Sylvain<\/a><\/div>\n<div class=\"accordion-inner\">Protrain Canada <br \/> Info@protrain-canada.com <br \/> +514 433-8223<\/div>\n<\/div>\n<div class=\"gap\" style=\"height: 20px;\"><\/div>\n<h3 class=\"title\"><span>Social<\/span><\/h3>\n<div class=\"social-icon social-twitter\"><a href=\"https:\/\/twitter.com\/Sylgau\" title=\"Twitter\" target=\"_blank\">Twitter<\/a><\/div>\n<div class=\"social-icon social-linkedin\"><a href=\"http:\/\/www.linkedin.com\/profile\/view?id=698317&#038;locale=en_US&#038;trk=tyah\" title=\"Linkedin\" target=\"_blank\">Linkedin<\/a><\/div>\n<\/div>\n<div class=\"clear\"><\/div>\n","protected":false},"excerpt":{"rendered":"<p>Profile de Sylvain Gauthier Avec une exp\u00e9rience internationale professionnelle, Sylvain a voyag\u00e9 et g\u00e9r\u00e9 plusieurs projets \/ programmes \/ portfolios. Il a enseign\u00e9, entra\u00een\u00e9 et dirig\u00e9 des \u00e9quipes \u00e9lites dans\u2026 <a href=\"https:\/\/protrain-canada.com\/fr\/sylvain-gauthier-mba-p-eng-pmp\/\" class=\"read-more-link\">Lire la suite &rarr;<\/a><\/p>\n","protected":false},"author":2,"featured_media":0,"parent":0,"menu_order":0,"comment_status":"closed","ping_status":"closed","template":"page-fullwidth.php","meta":{"om_disable_all_campaigns":false,"_monsterinsights_skip_tracking":false,"_monsterinsights_sitenote_active":false,"_monsterinsights_sitenote_note":"","_monsterinsights_sitenote_category":0,"footnotes":""},"class_list":["post-3567","page","type-page","status-publish","hentry"],"yoast_head":"<!-- This site is optimized with the Yoast SEO plugin v27.5 - https:\/\/yoast.com\/product\/yoast-seo-wordpress\/ -->\n<title>Sylvain Gauthier MBA, P.Eng, PMP - Protrain Canada<\/title>\n<meta name=\"robots\" content=\"index, follow, max-snippet:-1, max-image-preview:large, max-video-preview:-1\" \/>\n<link rel=\"canonical\" href=\"https:\/\/protrain-canada.com\/fr\/sylvain-gauthier-mba-p-eng-pmp\/\" \/>\n<meta property=\"og:locale\" content=\"fr_FR\" \/>\n<meta property=\"og:type\" content=\"article\" \/>\n<meta property=\"og:title\" content=\"Sylvain Gauthier MBA, P.Eng, PMP - Protrain Canada\" \/>\n<meta property=\"og:description\" content=\"Profile de Sylvain Gauthier Avec une exp\u00e9rience internationale professionnelle, Sylvain a voyag\u00e9 et g\u00e9r\u00e9 plusieurs projets \/ programmes \/ portfolios. Il a enseign\u00e9, entra\u00een\u00e9 et dirig\u00e9 des \u00e9quipes \u00e9lites dans\u2026 Lire la suite &rarr;\" \/>\n<meta property=\"og:url\" content=\"https:\/\/protrain-canada.com\/fr\/sylvain-gauthier-mba-p-eng-pmp\/\" \/>\n<meta property=\"og:site_name\" content=\"Protrain Canada\" \/>\n<meta property=\"article:modified_time\" content=\"2016-09-15T22:27:30+00:00\" \/>\n<meta name=\"twitter:card\" content=\"summary_large_image\" \/>\n<meta name=\"twitter:label1\" content=\"Dur\u00e9e de lecture estim\u00e9e\" \/>\n\t<meta name=\"twitter:data1\" content=\"3 minutes\" \/>\n<script type=\"application\/ld+json\" class=\"yoast-schema-graph\">{\"@context\":\"https:\\\/\\\/schema.org\",\"@graph\":[{\"@type\":\"WebPage\",\"@id\":\"https:\\\/\\\/protrain-canada.com\\\/fr\\\/sylvain-gauthier-mba-p-eng-pmp\\\/\",\"url\":\"https:\\\/\\\/protrain-canada.com\\\/fr\\\/sylvain-gauthier-mba-p-eng-pmp\\\/\",\"name\":\"Sylvain Gauthier MBA, P.Eng, PMP - Protrain Canada\",\"isPartOf\":{\"@id\":\"https:\\\/\\\/protrain-canada.com\\\/#website\"},\"datePublished\":\"2016-09-08T20:16:57+00:00\",\"dateModified\":\"2016-09-15T22:27:30+00:00\",\"breadcrumb\":{\"@id\":\"https:\\\/\\\/protrain-canada.com\\\/fr\\\/sylvain-gauthier-mba-p-eng-pmp\\\/#breadcrumb\"},\"inLanguage\":\"fr-FR\",\"potentialAction\":[{\"@type\":\"ReadAction\",\"target\":[\"https:\\\/\\\/protrain-canada.com\\\/fr\\\/sylvain-gauthier-mba-p-eng-pmp\\\/\"]}]},{\"@type\":\"BreadcrumbList\",\"@id\":\"https:\\\/\\\/protrain-canada.com\\\/fr\\\/sylvain-gauthier-mba-p-eng-pmp\\\/#breadcrumb\",\"itemListElement\":[{\"@type\":\"ListItem\",\"position\":1,\"name\":\"Home\",\"item\":\"https:\\\/\\\/protrain-canada.com\\\/fr\\\/\"},{\"@type\":\"ListItem\",\"position\":2,\"name\":\"Sylvain Gauthier MBA, P.Eng, PMP\"}]},{\"@type\":\"WebSite\",\"@id\":\"https:\\\/\\\/protrain-canada.com\\\/#website\",\"url\":\"https:\\\/\\\/protrain-canada.com\\\/\",\"name\":\"Protrain Canada\",\"description\":\"\",\"potentialAction\":[{\"@type\":\"SearchAction\",\"target\":{\"@type\":\"EntryPoint\",\"urlTemplate\":\"https:\\\/\\\/protrain-canada.com\\\/?s={search_term_string}\"},\"query-input\":{\"@type\":\"PropertyValueSpecification\",\"valueRequired\":true,\"valueName\":\"search_term_string\"}}],\"inLanguage\":\"fr-FR\"}]}<\/script>\n<!-- \/ Yoast SEO plugin. -->","yoast_head_json":{"title":"Sylvain Gauthier MBA, P.Eng, PMP - Protrain Canada","robots":{"index":"index","follow":"follow","max-snippet":"max-snippet:-1","max-image-preview":"max-image-preview:large","max-video-preview":"max-video-preview:-1"},"canonical":"https:\/\/protrain-canada.com\/fr\/sylvain-gauthier-mba-p-eng-pmp\/","og_locale":"fr_FR","og_type":"article","og_title":"Sylvain Gauthier MBA, P.Eng, PMP - Protrain Canada","og_description":"Profile de Sylvain Gauthier Avec une exp\u00e9rience internationale professionnelle, Sylvain a voyag\u00e9 et g\u00e9r\u00e9 plusieurs projets \/ programmes \/ portfolios. Il a enseign\u00e9, entra\u00een\u00e9 et dirig\u00e9 des \u00e9quipes \u00e9lites dans\u2026 Lire la suite &rarr;","og_url":"https:\/\/protrain-canada.com\/fr\/sylvain-gauthier-mba-p-eng-pmp\/","og_site_name":"Protrain Canada","article_modified_time":"2016-09-15T22:27:30+00:00","twitter_card":"summary_large_image","twitter_misc":{"Dur\u00e9e de lecture estim\u00e9e":"3 minutes"},"schema":{"@context":"https:\/\/schema.org","@graph":[{"@type":"WebPage","@id":"https:\/\/protrain-canada.com\/fr\/sylvain-gauthier-mba-p-eng-pmp\/","url":"https:\/\/protrain-canada.com\/fr\/sylvain-gauthier-mba-p-eng-pmp\/","name":"Sylvain Gauthier MBA, P.Eng, PMP - Protrain Canada","isPartOf":{"@id":"https:\/\/protrain-canada.com\/#website"},"datePublished":"2016-09-08T20:16:57+00:00","dateModified":"2016-09-15T22:27:30+00:00","breadcrumb":{"@id":"https:\/\/protrain-canada.com\/fr\/sylvain-gauthier-mba-p-eng-pmp\/#breadcrumb"},"inLanguage":"fr-FR","potentialAction":[{"@type":"ReadAction","target":["https:\/\/protrain-canada.com\/fr\/sylvain-gauthier-mba-p-eng-pmp\/"]}]},{"@type":"BreadcrumbList","@id":"https:\/\/protrain-canada.com\/fr\/sylvain-gauthier-mba-p-eng-pmp\/#breadcrumb","itemListElement":[{"@type":"ListItem","position":1,"name":"Home","item":"https:\/\/protrain-canada.com\/fr\/"},{"@type":"ListItem","position":2,"name":"Sylvain Gauthier MBA, P.Eng, PMP"}]},{"@type":"WebSite","@id":"https:\/\/protrain-canada.com\/#website","url":"https:\/\/protrain-canada.com\/","name":"Protrain Canada","description":"","potentialAction":[{"@type":"SearchAction","target":{"@type":"EntryPoint","urlTemplate":"https:\/\/protrain-canada.com\/?s={search_term_string}"},"query-input":{"@type":"PropertyValueSpecification","valueRequired":true,"valueName":"search_term_string"}}],"inLanguage":"fr-FR"}]}},"_links":{"self":[{"href":"https:\/\/protrain-canada.com\/fr\/wp-json\/wp\/v2\/pages\/3567","targetHints":{"allow":["GET"]}}],"collection":[{"href":"https:\/\/protrain-canada.com\/fr\/wp-json\/wp\/v2\/pages"}],"about":[{"href":"https:\/\/protrain-canada.com\/fr\/wp-json\/wp\/v2\/types\/page"}],"author":[{"embeddable":true,"href":"https:\/\/protrain-canada.com\/fr\/wp-json\/wp\/v2\/users\/2"}],"replies":[{"embeddable":true,"href":"https:\/\/protrain-canada.com\/fr\/wp-json\/wp\/v2\/comments?post=3567"}],"version-history":[{"count":2,"href":"https:\/\/protrain-canada.com\/fr\/wp-json\/wp\/v2\/pages\/3567\/revisions"}],"predecessor-version":[{"id":3649,"href":"https:\/\/protrain-canada.com\/fr\/wp-json\/wp\/v2\/pages\/3567\/revisions\/3649"}],"wp:attachment":[{"href":"https:\/\/protrain-canada.com\/fr\/wp-json\/wp\/v2\/media?parent=3567"}],"curies":[{"name":"wp","href":"https:\/\/api.w.org\/{rel}","templated":true}]}}