{"id":3554,"date":"2016-09-08T20:03:39","date_gmt":"2016-09-08T20:03:39","guid":{"rendered":"http:\/\/protrain-canada.com\/fr\/?page_id=3554"},"modified":"2016-09-08T20:03:39","modified_gmt":"2016-09-08T20:03:39","slug":"coaching","status":"publish","type":"page","link":"https:\/\/protrain-canada.com\/fr\/coaching\/","title":{"rendered":"Coaching"},"content":{"rendered":"<div class=\"section \" style=\"background-color: #f9f9f9; border: 1px solid #ececec; padding: 50px 0 0px 0; \">\n<div class=\"container clearfix\">\n<div class=\"sixteen columns\">\n<div class=\"gap\" style=\"height: 10px;\"><\/div>\n<h1 style=\"font-size: 26px; text-align: center !important; color: #289dcc !important; line-height: 34px;\">Joignez notre programme de mentorat et de coaching.<br \/>\nAppelez-nous pour plus d&rsquo;informations.<\/h1>\n<div class=\"gap\" style=\"height: 0px;\"><\/div>\n<h3 style=\"text-align: center !important; color: #999999 !important;\">Ce programme est plus qu&rsquo;un programme de formation.<br \/>\nIl vous donnera une r\u00e9troaction personnalis\u00e9e et les directives pour \u00eatre plus performant.<\/h3>\n<div class=\"hr hr1\" style='margin:30px 0 40px 0 !important;'><\/div>\n<h3 class=\"title\"><span>Nos Experts<\/span><\/h3>\n<p style=\"text-align: justify;\"><span class=\"dropcap\">P<\/span>rotrain Canada a cr\u00e9\u00e9 ce programme pour les organisations comme la v\u00f4tre. La disponibilit\u00e9 est limit\u00e9e et le programme est uniquement sur une base de premier arriv\u00e9, premier servi pour les clients nationaux et internationaux. Ce type d&rsquo;encadrement et de mentorat aide les gens \u00e0 faire des changements de comportements et de performances. Un coach sera en mesure de vous assister d\u00e8s votre planification de projets.<\/p>\n<h3 class=\"title\"><span>Pourquoi utiliser un programme de Mentorat &amp; de Coach<\/span><\/h3>\n<p style=\"text-align: justify;\"><span class=\"dropcap\">C<\/span>e programme offre une approche syst\u00e9matique pour mettre en \u0153uvre les comp\u00e9tences et les techniques n\u00e9cessaires afin de rendre les projets le plus efficaces possible. Il faut aussi prendre en consid\u00e9ration les personnes responsables de ce qu&rsquo;ils acceptent d&rsquo;apprendre et mettre en \u0153uvre les modifications dans leur travail. Chaque participant doit se qualifier en remplissant un questionnaire d\u00e9taill\u00e9 et \u00eatre pr\u00eat \u00e0 interagir tout au long du processus.<\/p>\n<div class=\"gap\" style=\"height: 10px;\"><\/div>\n<p>Nous serons en mesure de vous donner plusieurs conseils, des s\u00e9ances \u00e0 distance et de la formation avanc\u00e9e pour soutenir votre organisation. C&rsquo;est le meilleur syst\u00e8me pour obtenir une expertise en gestion de projets et d\u00e9velopper vos aptitudes personnel afin de devenir plus efficient.<\/p>\n<h3 class=\"title\"><span>Ce que vous recevez<\/span><\/h3>\n<p style=\"text-align: justify;\"><span class=\"dropcap\">L<\/span>es d\u00e9fis surgissent rapidement et c&rsquo;est pourquoi nous sommes ici. Chaque mois, vous recevrez du mat\u00e9riel \u00e9ducatif qui aidera votre \u00e9quipe dans la r\u00e9alisation des objectifs du projet. Si vous cherchez de l&rsquo;information avant gardiste, de la formation pour accro\u00eetre vos comp\u00e9tences alors vous voudrez certainement faire partie de ce programme.<\/p>\n<div class=\"testimonial\">J&rsquo;ai rencontr\u00e9 Sylvain pendant un cours de pr\u00e9paration au PMP. J&rsquo;ai \u00e9t\u00e9 tr\u00e8s heureux par son \u00e9nergie, son enthousiasme et leurs connaissances en mati\u00e8re de gestion de projets. Un an plus tard, j&rsquo;ai embauch\u00e9 ses services pour pr\u00e9parer un cours sur mesure pour notre \u00e9quipe de gestionnaires de projet.<\/div>\n<div class=\"testimonial-author\">Charles Bourgault, CAE<\/div>\n<div class=\"testimonial\">Two thumbs up. Le cours a \u00e9t\u00e9 parfaitement adapt\u00e9 \u00e0 notre contexte et \u00e0 notre environnement fou. Nous pr\u00e9voyons d\u00e9j\u00e0 d\u00e9ployer un cours similaire \u00e0 tous nos gestionnaires de projets.<\/div>\n<div class=\"testimonial-author\">Robin McClaren, SAP<\/div>\n<\/div>\n<\/div>\n<\/div>\n","protected":false},"excerpt":{"rendered":"<p>Joignez notre programme de mentorat et de coaching. Appelez-nous pour plus d&rsquo;informations. Ce programme est plus qu&rsquo;un programme de formation. Il vous donnera une r\u00e9troaction personnalis\u00e9e et les directives pour\u2026 <a href=\"https:\/\/protrain-canada.com\/fr\/coaching\/\" class=\"read-more-link\">Lire la suite &rarr;<\/a><\/p>\n","protected":false},"author":2,"featured_media":0,"parent":0,"menu_order":0,"comment_status":"closed","ping_status":"closed","template":"page-section.php","meta":{"om_disable_all_campaigns":false,"_monsterinsights_skip_tracking":false,"_monsterinsights_sitenote_active":false,"_monsterinsights_sitenote_note":"","_monsterinsights_sitenote_category":0,"footnotes":""},"class_list":["post-3554","page","type-page","status-publish","hentry"],"yoast_head":"<!-- This site is optimized with the Yoast SEO plugin v27.4 - https:\/\/yoast.com\/product\/yoast-seo-wordpress\/ -->\n<title>Coaching - Protrain Canada<\/title>\n<meta name=\"robots\" content=\"index, follow, max-snippet:-1, max-image-preview:large, max-video-preview:-1\" \/>\n<link rel=\"canonical\" href=\"https:\/\/protrain-canada.com\/fr\/coaching\/\" \/>\n<meta property=\"og:locale\" content=\"fr_FR\" \/>\n<meta property=\"og:type\" content=\"article\" \/>\n<meta property=\"og:title\" content=\"Coaching - Protrain Canada\" \/>\n<meta property=\"og:description\" content=\"Joignez notre programme de mentorat et de coaching. Appelez-nous pour plus d&rsquo;informations. Ce programme est plus qu&rsquo;un programme de formation. Il vous donnera une r\u00e9troaction personnalis\u00e9e et les directives pour\u2026 Lire la suite &rarr;\" \/>\n<meta property=\"og:url\" content=\"https:\/\/protrain-canada.com\/fr\/coaching\/\" \/>\n<meta property=\"og:site_name\" content=\"Protrain Canada\" \/>\n<meta name=\"twitter:card\" content=\"summary_large_image\" \/>\n<meta name=\"twitter:label1\" content=\"Dur\u00e9e de lecture estim\u00e9e\" \/>\n\t<meta name=\"twitter:data1\" content=\"2 minutes\" \/>\n<script type=\"application\/ld+json\" class=\"yoast-schema-graph\">{\"@context\":\"https:\\\/\\\/schema.org\",\"@graph\":[{\"@type\":\"WebPage\",\"@id\":\"https:\\\/\\\/protrain-canada.com\\\/fr\\\/coaching\\\/\",\"url\":\"https:\\\/\\\/protrain-canada.com\\\/fr\\\/coaching\\\/\",\"name\":\"Coaching - Protrain Canada\",\"isPartOf\":{\"@id\":\"https:\\\/\\\/protrain-canada.com\\\/#website\"},\"datePublished\":\"2016-09-08T20:03:39+00:00\",\"breadcrumb\":{\"@id\":\"https:\\\/\\\/protrain-canada.com\\\/fr\\\/coaching\\\/#breadcrumb\"},\"inLanguage\":\"fr-FR\",\"potentialAction\":[{\"@type\":\"ReadAction\",\"target\":[\"https:\\\/\\\/protrain-canada.com\\\/fr\\\/coaching\\\/\"]}]},{\"@type\":\"BreadcrumbList\",\"@id\":\"https:\\\/\\\/protrain-canada.com\\\/fr\\\/coaching\\\/#breadcrumb\",\"itemListElement\":[{\"@type\":\"ListItem\",\"position\":1,\"name\":\"Home\",\"item\":\"https:\\\/\\\/protrain-canada.com\\\/fr\\\/\"},{\"@type\":\"ListItem\",\"position\":2,\"name\":\"Coaching\"}]},{\"@type\":\"WebSite\",\"@id\":\"https:\\\/\\\/protrain-canada.com\\\/#website\",\"url\":\"https:\\\/\\\/protrain-canada.com\\\/\",\"name\":\"Protrain Canada\",\"description\":\"\",\"potentialAction\":[{\"@type\":\"SearchAction\",\"target\":{\"@type\":\"EntryPoint\",\"urlTemplate\":\"https:\\\/\\\/protrain-canada.com\\\/?s={search_term_string}\"},\"query-input\":{\"@type\":\"PropertyValueSpecification\",\"valueRequired\":true,\"valueName\":\"search_term_string\"}}],\"inLanguage\":\"fr-FR\"}]}<\/script>\n<!-- \/ Yoast SEO plugin. -->","yoast_head_json":{"title":"Coaching - Protrain Canada","robots":{"index":"index","follow":"follow","max-snippet":"max-snippet:-1","max-image-preview":"max-image-preview:large","max-video-preview":"max-video-preview:-1"},"canonical":"https:\/\/protrain-canada.com\/fr\/coaching\/","og_locale":"fr_FR","og_type":"article","og_title":"Coaching - Protrain Canada","og_description":"Joignez notre programme de mentorat et de coaching. Appelez-nous pour plus d&rsquo;informations. Ce programme est plus qu&rsquo;un programme de formation. Il vous donnera une r\u00e9troaction personnalis\u00e9e et les directives pour\u2026 Lire la suite &rarr;","og_url":"https:\/\/protrain-canada.com\/fr\/coaching\/","og_site_name":"Protrain Canada","twitter_card":"summary_large_image","twitter_misc":{"Dur\u00e9e de lecture estim\u00e9e":"2 minutes"},"schema":{"@context":"https:\/\/schema.org","@graph":[{"@type":"WebPage","@id":"https:\/\/protrain-canada.com\/fr\/coaching\/","url":"https:\/\/protrain-canada.com\/fr\/coaching\/","name":"Coaching - Protrain Canada","isPartOf":{"@id":"https:\/\/protrain-canada.com\/#website"},"datePublished":"2016-09-08T20:03:39+00:00","breadcrumb":{"@id":"https:\/\/protrain-canada.com\/fr\/coaching\/#breadcrumb"},"inLanguage":"fr-FR","potentialAction":[{"@type":"ReadAction","target":["https:\/\/protrain-canada.com\/fr\/coaching\/"]}]},{"@type":"BreadcrumbList","@id":"https:\/\/protrain-canada.com\/fr\/coaching\/#breadcrumb","itemListElement":[{"@type":"ListItem","position":1,"name":"Home","item":"https:\/\/protrain-canada.com\/fr\/"},{"@type":"ListItem","position":2,"name":"Coaching"}]},{"@type":"WebSite","@id":"https:\/\/protrain-canada.com\/#website","url":"https:\/\/protrain-canada.com\/","name":"Protrain Canada","description":"","potentialAction":[{"@type":"SearchAction","target":{"@type":"EntryPoint","urlTemplate":"https:\/\/protrain-canada.com\/?s={search_term_string}"},"query-input":{"@type":"PropertyValueSpecification","valueRequired":true,"valueName":"search_term_string"}}],"inLanguage":"fr-FR"}]}},"_links":{"self":[{"href":"https:\/\/protrain-canada.com\/fr\/wp-json\/wp\/v2\/pages\/3554","targetHints":{"allow":["GET"]}}],"collection":[{"href":"https:\/\/protrain-canada.com\/fr\/wp-json\/wp\/v2\/pages"}],"about":[{"href":"https:\/\/protrain-canada.com\/fr\/wp-json\/wp\/v2\/types\/page"}],"author":[{"embeddable":true,"href":"https:\/\/protrain-canada.com\/fr\/wp-json\/wp\/v2\/users\/2"}],"replies":[{"embeddable":true,"href":"https:\/\/protrain-canada.com\/fr\/wp-json\/wp\/v2\/comments?post=3554"}],"version-history":[{"count":1,"href":"https:\/\/protrain-canada.com\/fr\/wp-json\/wp\/v2\/pages\/3554\/revisions"}],"predecessor-version":[{"id":3555,"href":"https:\/\/protrain-canada.com\/fr\/wp-json\/wp\/v2\/pages\/3554\/revisions\/3555"}],"wp:attachment":[{"href":"https:\/\/protrain-canada.com\/fr\/wp-json\/wp\/v2\/media?parent=3554"}],"curies":[{"name":"wp","href":"https:\/\/api.w.org\/{rel}","templated":true}]}}