{"id":3531,"date":"2016-09-08T19:44:52","date_gmt":"2016-09-08T19:44:52","guid":{"rendered":"http:\/\/protrain-canada.com\/fr\/?page_id=3531"},"modified":"2016-09-15T22:28:30","modified_gmt":"2016-09-15T22:28:30","slug":"brenda-fay","status":"publish","type":"page","link":"https:\/\/protrain-canada.com\/fr\/brenda-fay\/","title":{"rendered":"Brenda Fay"},"content":{"rendered":"<div class=\"two_third\">\n<h3 class=\"title\"><span>Profile de Brenda Fay, PMP<\/span><\/h3>\n<p style=\"text-align: justify;\">Brenda est une formatrice d\u2019exp\u00e9rience en gestion de projets et pr\u00e9sidente de BrenDaniel Productions Corp. Elle a pr\u00e9par\u00e9 plusieurs personnes dans l\u2019obtention avec succ\u00e8s de la certification de Project Management Professional (PMP). Brenda dirige \u00e9galement plusieurs formations ax\u00e9es sur les principes de base de la gestion de projets.<\/p>\n<blockquote><p>Elle a enseign\u00e9 aux participants provenant de diverses sph\u00e8res telles l\u2019ing\u00e9nierie, la construction, organismes sans buts lucratifs, technologie de l\u2019information et associations. Elle a \u00e9galement pr\u00e9sent\u00e9 des cours en gestion de projets aux CEGEPs et universit\u00e9s.<\/p><\/blockquote>\n<p style=\"text-align: justify;\">Brenda appr\u00e9cie beaucoup les commentaires \u00e0 l\u2019effet que les participants ayant b\u00e9n\u00e9fici\u00e9 de ses formations ont appliqu\u00e9 les techniques en gestion de projets et qu\u2019ils rapportent des changements positifs au sein de leur milieu de travail ou de leur entreprise. En utilisant les proc\u00e9dures de gestionnaire de projets, ses \u00e9tudiants ont constat\u00e9 une diminution des risques, une meilleure gestion de temps et de charge de travail; ils ont \u00e9galement d\u00e9velopp\u00e9 des processus concernant les projets inh\u00e9rents tout en am\u00e9liorant la communication.<\/p>\n<div class=\"gap\" style=\"height: 40px;\"><\/div>\n<h3 class=\"title\"><span>Commentaires de clients satisfaits<\/span><\/h3>\n<div class=\"testimonial\">Brenda Fay a travaill\u00e9 avec moi pour organiser le comit\u00e9 de d\u00e9velopement professionel en 2012. Brenda a fait des recherches consid\u00e9rables pour trouver des commanditaires. Elle a \u00e9galement apport\u00e9 ses recommendations pour les modifications en 2013. Beau travail Brenda!<\/div>\n<div class=\"testimonial-author\">Conrad Doucet<\/div>\n<\/div>\n<div class=\"one_third last\">\n<div class=\"member\">\n<div class='member-img'><img src='\/wp-content\/uploads\/2015\/11\/brenda.jpg' \/><\/div>\n<h4>Brenda Fay<\/h4>\n<div class=\"member-role\">Professeure &amp; Consultante<\/div>\n<p>Facilitatrice Gestion de projets et Leadership<\/p><\/div>\n<div class=\"gap\" style=\"height: 30px;\"><\/div>\n<div class=\"accordion\" rel=\"0\">\n<div class=\"accordion-title\"><a href=\"#\">\u00c9ducation<\/a><\/div>\n<div class=\"accordion-inner\">BAC Relations Industriels<br \/>\nPMP, Project Management<br \/>\nCertification Communication<\/div>\n<div class=\"accordion-title\"><a href=\"#\">Exp\u00e9rience<\/a><\/div>\n<div class=\"accordion-inner\">Vice Presidente et Directrice de programme<br \/>\nPr\u00e9sentatrice BPMI Global Congress<br \/>\nFacilitatrice gestion de projets<\/div>\n<div class=\"accordion-title\"><a href=\"#\">Contactez Brenda<\/a><\/div>\n<div class=\"accordion-inner\">Protrain Canada<br \/>\nInfo@protrain-canada.com<br \/>\n+514 433-8223<\/div>\n<\/div>\n<div class=\"gap\" style=\"height: 20px;\"><\/div>\n<h3 class=\"title\"><span>Social<\/span><\/h3>\n<div class=\"social-icon social-twitter\"><a href=\"https:\/\/twitter.com\/ProtrainCanada\" title=\"Twitter\" target=\"_blank\">Twitter<\/a><\/div>\n<div class=\"social-icon social-linkedin\"><a href=\"https:\/\/ca.linkedin.com\/in\/brendafay\" title=\"Linkedin\" target=\"_blank\">Linkedin<\/a><\/div>\n<\/div>\n<div class=\"clear\"><\/div>\n","protected":false},"excerpt":{"rendered":"<p>Profile de Brenda Fay, PMP Brenda est une formatrice d\u2019exp\u00e9rience en gestion de projets et pr\u00e9sidente de BrenDaniel Productions Corp. Elle a pr\u00e9par\u00e9 plusieurs personnes dans l\u2019obtention avec succ\u00e8s de\u2026 <a href=\"https:\/\/protrain-canada.com\/fr\/brenda-fay\/\" class=\"read-more-link\">Lire la suite &rarr;<\/a><\/p>\n","protected":false},"author":2,"featured_media":0,"parent":0,"menu_order":0,"comment_status":"closed","ping_status":"closed","template":"page-fullwidth.php","meta":{"om_disable_all_campaigns":false,"_monsterinsights_skip_tracking":false,"_monsterinsights_sitenote_active":false,"_monsterinsights_sitenote_note":"","_monsterinsights_sitenote_category":0,"footnotes":""},"class_list":["post-3531","page","type-page","status-publish","hentry"],"yoast_head":"<!-- This site is optimized with the Yoast SEO plugin v27.5 - https:\/\/yoast.com\/product\/yoast-seo-wordpress\/ -->\n<title>Brenda Fay - Protrain Canada<\/title>\n<meta name=\"robots\" content=\"index, follow, max-snippet:-1, max-image-preview:large, max-video-preview:-1\" \/>\n<link rel=\"canonical\" href=\"https:\/\/protrain-canada.com\/fr\/brenda-fay\/\" \/>\n<meta property=\"og:locale\" content=\"fr_FR\" \/>\n<meta property=\"og:type\" content=\"article\" \/>\n<meta property=\"og:title\" content=\"Brenda Fay - Protrain Canada\" \/>\n<meta property=\"og:description\" content=\"Profile de Brenda Fay, PMP Brenda est une formatrice d\u2019exp\u00e9rience en gestion de projets et pr\u00e9sidente de BrenDaniel Productions Corp. Elle a pr\u00e9par\u00e9 plusieurs personnes dans l\u2019obtention avec succ\u00e8s de\u2026 Lire la suite &rarr;\" \/>\n<meta property=\"og:url\" content=\"https:\/\/protrain-canada.com\/fr\/brenda-fay\/\" \/>\n<meta property=\"og:site_name\" content=\"Protrain Canada\" \/>\n<meta property=\"article:modified_time\" content=\"2016-09-15T22:28:30+00:00\" \/>\n<meta name=\"twitter:card\" content=\"summary_large_image\" \/>\n<meta name=\"twitter:label1\" content=\"Dur\u00e9e de lecture estim\u00e9e\" \/>\n\t<meta name=\"twitter:data1\" content=\"2 minutes\" \/>\n<script type=\"application\/ld+json\" class=\"yoast-schema-graph\">{\"@context\":\"https:\\\/\\\/schema.org\",\"@graph\":[{\"@type\":\"WebPage\",\"@id\":\"https:\\\/\\\/protrain-canada.com\\\/fr\\\/brenda-fay\\\/\",\"url\":\"https:\\\/\\\/protrain-canada.com\\\/fr\\\/brenda-fay\\\/\",\"name\":\"Brenda Fay - Protrain Canada\",\"isPartOf\":{\"@id\":\"https:\\\/\\\/protrain-canada.com\\\/#website\"},\"datePublished\":\"2016-09-08T19:44:52+00:00\",\"dateModified\":\"2016-09-15T22:28:30+00:00\",\"breadcrumb\":{\"@id\":\"https:\\\/\\\/protrain-canada.com\\\/fr\\\/brenda-fay\\\/#breadcrumb\"},\"inLanguage\":\"fr-FR\",\"potentialAction\":[{\"@type\":\"ReadAction\",\"target\":[\"https:\\\/\\\/protrain-canada.com\\\/fr\\\/brenda-fay\\\/\"]}]},{\"@type\":\"BreadcrumbList\",\"@id\":\"https:\\\/\\\/protrain-canada.com\\\/fr\\\/brenda-fay\\\/#breadcrumb\",\"itemListElement\":[{\"@type\":\"ListItem\",\"position\":1,\"name\":\"Home\",\"item\":\"https:\\\/\\\/protrain-canada.com\\\/fr\\\/\"},{\"@type\":\"ListItem\",\"position\":2,\"name\":\"Brenda Fay\"}]},{\"@type\":\"WebSite\",\"@id\":\"https:\\\/\\\/protrain-canada.com\\\/#website\",\"url\":\"https:\\\/\\\/protrain-canada.com\\\/\",\"name\":\"Protrain Canada\",\"description\":\"\",\"potentialAction\":[{\"@type\":\"SearchAction\",\"target\":{\"@type\":\"EntryPoint\",\"urlTemplate\":\"https:\\\/\\\/protrain-canada.com\\\/?s={search_term_string}\"},\"query-input\":{\"@type\":\"PropertyValueSpecification\",\"valueRequired\":true,\"valueName\":\"search_term_string\"}}],\"inLanguage\":\"fr-FR\"}]}<\/script>\n<!-- \/ Yoast SEO plugin. -->","yoast_head_json":{"title":"Brenda Fay - Protrain Canada","robots":{"index":"index","follow":"follow","max-snippet":"max-snippet:-1","max-image-preview":"max-image-preview:large","max-video-preview":"max-video-preview:-1"},"canonical":"https:\/\/protrain-canada.com\/fr\/brenda-fay\/","og_locale":"fr_FR","og_type":"article","og_title":"Brenda Fay - Protrain Canada","og_description":"Profile de Brenda Fay, PMP Brenda est une formatrice d\u2019exp\u00e9rience en gestion de projets et pr\u00e9sidente de BrenDaniel Productions Corp. Elle a pr\u00e9par\u00e9 plusieurs personnes dans l\u2019obtention avec succ\u00e8s de\u2026 Lire la suite &rarr;","og_url":"https:\/\/protrain-canada.com\/fr\/brenda-fay\/","og_site_name":"Protrain Canada","article_modified_time":"2016-09-15T22:28:30+00:00","twitter_card":"summary_large_image","twitter_misc":{"Dur\u00e9e de lecture estim\u00e9e":"2 minutes"},"schema":{"@context":"https:\/\/schema.org","@graph":[{"@type":"WebPage","@id":"https:\/\/protrain-canada.com\/fr\/brenda-fay\/","url":"https:\/\/protrain-canada.com\/fr\/brenda-fay\/","name":"Brenda Fay - Protrain Canada","isPartOf":{"@id":"https:\/\/protrain-canada.com\/#website"},"datePublished":"2016-09-08T19:44:52+00:00","dateModified":"2016-09-15T22:28:30+00:00","breadcrumb":{"@id":"https:\/\/protrain-canada.com\/fr\/brenda-fay\/#breadcrumb"},"inLanguage":"fr-FR","potentialAction":[{"@type":"ReadAction","target":["https:\/\/protrain-canada.com\/fr\/brenda-fay\/"]}]},{"@type":"BreadcrumbList","@id":"https:\/\/protrain-canada.com\/fr\/brenda-fay\/#breadcrumb","itemListElement":[{"@type":"ListItem","position":1,"name":"Home","item":"https:\/\/protrain-canada.com\/fr\/"},{"@type":"ListItem","position":2,"name":"Brenda Fay"}]},{"@type":"WebSite","@id":"https:\/\/protrain-canada.com\/#website","url":"https:\/\/protrain-canada.com\/","name":"Protrain Canada","description":"","potentialAction":[{"@type":"SearchAction","target":{"@type":"EntryPoint","urlTemplate":"https:\/\/protrain-canada.com\/?s={search_term_string}"},"query-input":{"@type":"PropertyValueSpecification","valueRequired":true,"valueName":"search_term_string"}}],"inLanguage":"fr-FR"}]}},"_links":{"self":[{"href":"https:\/\/protrain-canada.com\/fr\/wp-json\/wp\/v2\/pages\/3531","targetHints":{"allow":["GET"]}}],"collection":[{"href":"https:\/\/protrain-canada.com\/fr\/wp-json\/wp\/v2\/pages"}],"about":[{"href":"https:\/\/protrain-canada.com\/fr\/wp-json\/wp\/v2\/types\/page"}],"author":[{"embeddable":true,"href":"https:\/\/protrain-canada.com\/fr\/wp-json\/wp\/v2\/users\/2"}],"replies":[{"embeddable":true,"href":"https:\/\/protrain-canada.com\/fr\/wp-json\/wp\/v2\/comments?post=3531"}],"version-history":[{"count":2,"href":"https:\/\/protrain-canada.com\/fr\/wp-json\/wp\/v2\/pages\/3531\/revisions"}],"predecessor-version":[{"id":3660,"href":"https:\/\/protrain-canada.com\/fr\/wp-json\/wp\/v2\/pages\/3531\/revisions\/3660"}],"wp:attachment":[{"href":"https:\/\/protrain-canada.com\/fr\/wp-json\/wp\/v2\/media?parent=3531"}],"curies":[{"name":"wp","href":"https:\/\/api.w.org\/{rel}","templated":true}]}}