{"id":3526,"date":"2016-09-08T19:36:43","date_gmt":"2016-09-08T19:36:43","guid":{"rendered":"http:\/\/protrain-canada.com\/fr\/?page_id=3526"},"modified":"2016-09-15T22:27:36","modified_gmt":"2016-09-15T22:27:36","slug":"marc-ouellette","status":"publish","type":"page","link":"https:\/\/protrain-canada.com\/fr\/marc-ouellette\/","title":{"rendered":"Marc Ouellette"},"content":{"rendered":"<div class=\"two_third\">\n<h3 class=\"title\"><span>Profile de Marc Ouellette<\/span><\/h3>\n<p style=\"text-align: justify;\">Plus de 20 ans d&rsquo;exp\u00e9rience dans divers postes de gestion et de consultation li\u00e9es \u00e0 l&rsquo;e-Business, tableau de bord, gestion des connaissances, gestion des donn\u00e9es et de l&rsquo;informatique des grandes entreprises. Chef de projet pour les premi\u00e8res solutions intranet, extranet et e-Business chez Nortel Networks Telecom, il travaille actuellement en tant que consultant de la mise en \u0153uvre d&rsquo;ERP et de solutions de mobilit\u00e9 pour diff\u00e9rents clients.<\/p>\n<blockquote><p>Je suis tr\u00e8s passionn\u00e9 sur le transfert de connaissances et l&rsquo;innovation en grande entreprises.<\/p><\/blockquote>\n<p style=\"text-align: justify;\">Conf\u00e9rencier invit\u00e9 \u00e0 l&rsquo;Universit\u00e9 McGill pour la gestion de la cha\u00eene d&rsquo;approvisionnement et eSupply. Il a \u00e9galement \u00e9t\u00e9 invit\u00e9 par Forrester Research pour sa strat\u00e9gies Intranet &amp; Extranet \u00e0 Nortel Networks.<\/p>\n<div class=\"gap\" style=\"height: 40px;\"><\/div>\n<h3 class=\"title\"><span>Commentaires de clients satisfaits<\/span><\/h3>\n<div class=\"testimonial\">Marc et l&rsquo;innovation font deux. Ayant collabor\u00e9 avec Marc sur plusieurs grands projets, son attitude positive et la volont\u00e9 de r\u00e9ussir ont contribu\u00e9 \u00e0 plusieurs am\u00e9liorations d&rsquo;importance strat\u00e9gique pour Nortel<\/div>\n<div class=\"testimonial-author\">Giovanni Malizia &#8211; M Sc, PMP<\/div>\n<div class=\"testimonial\">Marc se concentre sur les solutions et les actions. Il identifie bien les priorit\u00e9s et est orient\u00e9e vers un but. Il est un joueur d&rsquo;\u00e9quipe et un grand soutien de ses subordonn\u00e9s directs. Je le recommande fortement sur la base de son exp\u00e9rience de gestion de projets ainsi que sa connaissance de l&rsquo;environnement syndiqu\u00e9.<\/div>\n<div class=\"testimonial-author\">Gilles Seguin &#8211; Bombardier Aerospace<\/div>\n<div class=\"testimonial\">Marc est une personne tr\u00e8s professionnelle avec un excellent sens des affaires. Il est capable de \u00abbien faire les choses\u00bb. Sa capacit\u00e9 \u00e0 organiser quoi que ce soit, que ce soit un \u00e9v\u00e9nement, un projet de d\u00e9veloppement, ou tout simplement l&rsquo;ex\u00e9cution d&rsquo;une op\u00e9ration est d&rsquo;une qualit\u00e9 sup\u00e9rieure (de classe internationale). Je suis heureux d&rsquo;avoir un partenaire d&rsquo;affaires comme Marc, car travailler avec lui est un plaisir.<\/div>\n<div class=\"testimonial-author\">Francis Hung &#8211; PMP, PRINCE2, Agile PM, ITIL, MSP<\/div>\n<div class=\"testimonial\">Professionnel, comp\u00e9tent, efficace et droit au but! C&rsquo;est ce que vous obtiendrez toujours lorsque vous travaillez avec Marc ou Protrain Canada. Marc poss\u00e8de l&rsquo;exp\u00e9rience, les outils et l&rsquo;\u00e9tat d&rsquo;esprit de l&rsquo;entreprise. Il assurera votre succ\u00e8s.<\/div>\n<div class=\"testimonial-author\">Gilles Lalancette<\/div>\n<\/div>\n<div class=\"one_third last\">\n<div class=\"member\">\n<div class='member-img'><img src='\/wp-content\/uploads\/2016\/02\/marc2.jpg' \/><\/div>\n<h4>Marc Ouellette<\/h4>\n<div class=\"member-role\">Propri\u00e9taire, Protrain Corporation inc<\/div>\n<p>D\u00e9velopement de produits &amp; Ventes<br \/>\nSp\u00e9cialiste Gestion de Projets, M\u00e9triques et Am\u00e9lioration de Processus T.I. <\/p><\/div>\n<div class=\"gap\" style=\"height: 30px;\"><\/div>\n<div class=\"accordion\" rel=\"0\">\n<div class=\"accordion-title\"><a href=\"#\">\u00c9ducation<\/a><\/div>\n<div class=\"accordion-inner\">DEC &#8211; Teccart<\/div>\n<div class=\"accordion-title\"><a href=\"#\">Exp\u00e9rience<\/a><\/div>\n<div class=\"accordion-inner\">Consultant ERP<br \/>\nLean Management &#8211; Flextronics<br \/>\nGestionnaire TI &#8211; Nortel Networks<\/div>\n<div class=\"accordion-title\"><a href=\"#\">Contactez Marc<\/a><\/div>\n<div class=\"accordion-inner\">Protrain Canada<br \/>\nInfo@protrain-canada.com<br \/>\n+514 433-8223<\/div>\n<\/div>\n<div class=\"gap\" style=\"height: 20px;\"><\/div>\n<h3 class=\"title\"><span>Social<\/span><\/h3>\n<div class=\"social-icon social-twitter\"><a href=\"https:\/\/twitter.com\/ProtrainCanada\" title=\"Twitter\" target=\"_blank\">Twitter<\/a><\/div>\n<div class=\"social-icon social-linkedin\"><a href=\"http:\/\/www.linkedin.com\/profile\/view?id=9533343&amp;locale=en_US&amp;trk=tyah\" title=\"Linkedin\" target=\"_blank\">Linkedin<\/a><\/div>\n<\/div>\n<div class=\"clear\"><\/div>\n","protected":false},"excerpt":{"rendered":"<p>Profile de Marc Ouellette Plus de 20 ans d&rsquo;exp\u00e9rience dans divers postes de gestion et de consultation li\u00e9es \u00e0 l&rsquo;e-Business, tableau de bord, gestion des connaissances, gestion des donn\u00e9es et\u2026 <a href=\"https:\/\/protrain-canada.com\/fr\/marc-ouellette\/\" class=\"read-more-link\">Lire la suite &rarr;<\/a><\/p>\n","protected":false},"author":2,"featured_media":0,"parent":0,"menu_order":0,"comment_status":"closed","ping_status":"closed","template":"page-fullwidth.php","meta":{"om_disable_all_campaigns":false,"_monsterinsights_skip_tracking":false,"_monsterinsights_sitenote_active":false,"_monsterinsights_sitenote_note":"","_monsterinsights_sitenote_category":0,"footnotes":""},"class_list":["post-3526","page","type-page","status-publish","hentry"],"yoast_head":"<!-- This site is optimized with the Yoast SEO plugin v27.5 - https:\/\/yoast.com\/product\/yoast-seo-wordpress\/ -->\n<title>Marc Ouellette - Protrain Canada<\/title>\n<meta name=\"robots\" content=\"index, follow, max-snippet:-1, max-image-preview:large, max-video-preview:-1\" \/>\n<link rel=\"canonical\" href=\"https:\/\/protrain-canada.com\/fr\/marc-ouellette\/\" \/>\n<meta property=\"og:locale\" content=\"fr_FR\" \/>\n<meta property=\"og:type\" content=\"article\" \/>\n<meta property=\"og:title\" content=\"Marc Ouellette - Protrain Canada\" \/>\n<meta property=\"og:description\" content=\"Profile de Marc Ouellette Plus de 20 ans d&rsquo;exp\u00e9rience dans divers postes de gestion et de consultation li\u00e9es \u00e0 l&rsquo;e-Business, tableau de bord, gestion des connaissances, gestion des donn\u00e9es et\u2026 Lire la suite &rarr;\" \/>\n<meta property=\"og:url\" content=\"https:\/\/protrain-canada.com\/fr\/marc-ouellette\/\" \/>\n<meta property=\"og:site_name\" content=\"Protrain Canada\" \/>\n<meta property=\"article:modified_time\" content=\"2016-09-15T22:27:36+00:00\" \/>\n<meta name=\"twitter:card\" content=\"summary_large_image\" \/>\n<meta name=\"twitter:label1\" content=\"Dur\u00e9e de lecture estim\u00e9e\" \/>\n\t<meta name=\"twitter:data1\" content=\"2 minutes\" \/>\n<script type=\"application\/ld+json\" class=\"yoast-schema-graph\">{\"@context\":\"https:\\\/\\\/schema.org\",\"@graph\":[{\"@type\":\"WebPage\",\"@id\":\"https:\\\/\\\/protrain-canada.com\\\/fr\\\/marc-ouellette\\\/\",\"url\":\"https:\\\/\\\/protrain-canada.com\\\/fr\\\/marc-ouellette\\\/\",\"name\":\"Marc Ouellette - Protrain Canada\",\"isPartOf\":{\"@id\":\"https:\\\/\\\/protrain-canada.com\\\/#website\"},\"datePublished\":\"2016-09-08T19:36:43+00:00\",\"dateModified\":\"2016-09-15T22:27:36+00:00\",\"breadcrumb\":{\"@id\":\"https:\\\/\\\/protrain-canada.com\\\/fr\\\/marc-ouellette\\\/#breadcrumb\"},\"inLanguage\":\"fr-FR\",\"potentialAction\":[{\"@type\":\"ReadAction\",\"target\":[\"https:\\\/\\\/protrain-canada.com\\\/fr\\\/marc-ouellette\\\/\"]}]},{\"@type\":\"BreadcrumbList\",\"@id\":\"https:\\\/\\\/protrain-canada.com\\\/fr\\\/marc-ouellette\\\/#breadcrumb\",\"itemListElement\":[{\"@type\":\"ListItem\",\"position\":1,\"name\":\"Home\",\"item\":\"https:\\\/\\\/protrain-canada.com\\\/fr\\\/\"},{\"@type\":\"ListItem\",\"position\":2,\"name\":\"Marc Ouellette\"}]},{\"@type\":\"WebSite\",\"@id\":\"https:\\\/\\\/protrain-canada.com\\\/#website\",\"url\":\"https:\\\/\\\/protrain-canada.com\\\/\",\"name\":\"Protrain Canada\",\"description\":\"\",\"potentialAction\":[{\"@type\":\"SearchAction\",\"target\":{\"@type\":\"EntryPoint\",\"urlTemplate\":\"https:\\\/\\\/protrain-canada.com\\\/?s={search_term_string}\"},\"query-input\":{\"@type\":\"PropertyValueSpecification\",\"valueRequired\":true,\"valueName\":\"search_term_string\"}}],\"inLanguage\":\"fr-FR\"}]}<\/script>\n<!-- \/ Yoast SEO plugin. -->","yoast_head_json":{"title":"Marc Ouellette - Protrain Canada","robots":{"index":"index","follow":"follow","max-snippet":"max-snippet:-1","max-image-preview":"max-image-preview:large","max-video-preview":"max-video-preview:-1"},"canonical":"https:\/\/protrain-canada.com\/fr\/marc-ouellette\/","og_locale":"fr_FR","og_type":"article","og_title":"Marc Ouellette - Protrain Canada","og_description":"Profile de Marc Ouellette Plus de 20 ans d&rsquo;exp\u00e9rience dans divers postes de gestion et de consultation li\u00e9es \u00e0 l&rsquo;e-Business, tableau de bord, gestion des connaissances, gestion des donn\u00e9es et\u2026 Lire la suite &rarr;","og_url":"https:\/\/protrain-canada.com\/fr\/marc-ouellette\/","og_site_name":"Protrain Canada","article_modified_time":"2016-09-15T22:27:36+00:00","twitter_card":"summary_large_image","twitter_misc":{"Dur\u00e9e de lecture estim\u00e9e":"2 minutes"},"schema":{"@context":"https:\/\/schema.org","@graph":[{"@type":"WebPage","@id":"https:\/\/protrain-canada.com\/fr\/marc-ouellette\/","url":"https:\/\/protrain-canada.com\/fr\/marc-ouellette\/","name":"Marc Ouellette - Protrain Canada","isPartOf":{"@id":"https:\/\/protrain-canada.com\/#website"},"datePublished":"2016-09-08T19:36:43+00:00","dateModified":"2016-09-15T22:27:36+00:00","breadcrumb":{"@id":"https:\/\/protrain-canada.com\/fr\/marc-ouellette\/#breadcrumb"},"inLanguage":"fr-FR","potentialAction":[{"@type":"ReadAction","target":["https:\/\/protrain-canada.com\/fr\/marc-ouellette\/"]}]},{"@type":"BreadcrumbList","@id":"https:\/\/protrain-canada.com\/fr\/marc-ouellette\/#breadcrumb","itemListElement":[{"@type":"ListItem","position":1,"name":"Home","item":"https:\/\/protrain-canada.com\/fr\/"},{"@type":"ListItem","position":2,"name":"Marc Ouellette"}]},{"@type":"WebSite","@id":"https:\/\/protrain-canada.com\/#website","url":"https:\/\/protrain-canada.com\/","name":"Protrain Canada","description":"","potentialAction":[{"@type":"SearchAction","target":{"@type":"EntryPoint","urlTemplate":"https:\/\/protrain-canada.com\/?s={search_term_string}"},"query-input":{"@type":"PropertyValueSpecification","valueRequired":true,"valueName":"search_term_string"}}],"inLanguage":"fr-FR"}]}},"_links":{"self":[{"href":"https:\/\/protrain-canada.com\/fr\/wp-json\/wp\/v2\/pages\/3526","targetHints":{"allow":["GET"]}}],"collection":[{"href":"https:\/\/protrain-canada.com\/fr\/wp-json\/wp\/v2\/pages"}],"about":[{"href":"https:\/\/protrain-canada.com\/fr\/wp-json\/wp\/v2\/types\/page"}],"author":[{"embeddable":true,"href":"https:\/\/protrain-canada.com\/fr\/wp-json\/wp\/v2\/users\/2"}],"replies":[{"embeddable":true,"href":"https:\/\/protrain-canada.com\/fr\/wp-json\/wp\/v2\/comments?post=3526"}],"version-history":[{"count":5,"href":"https:\/\/protrain-canada.com\/fr\/wp-json\/wp\/v2\/pages\/3526\/revisions"}],"predecessor-version":[{"id":3650,"href":"https:\/\/protrain-canada.com\/fr\/wp-json\/wp\/v2\/pages\/3526\/revisions\/3650"}],"wp:attachment":[{"href":"https:\/\/protrain-canada.com\/fr\/wp-json\/wp\/v2\/media?parent=3526"}],"curies":[{"name":"wp","href":"https:\/\/api.w.org\/{rel}","templated":true}]}}