{"id":3512,"date":"2016-09-07T12:41:23","date_gmt":"2016-09-07T12:41:23","guid":{"rendered":"http:\/\/protrain-canada.com\/fr\/?page_id=3512"},"modified":"2017-10-25T20:34:31","modified_gmt":"2017-10-25T20:34:31","slug":"project-management-training-pmp","status":"publish","type":"page","link":"https:\/\/protrain-canada.com\/fr\/","title":{"rendered":"Formation Gestion de Projets PMP"},"content":{"rendered":"<h3 class=\"title\"><span>Protrain Canada: Relever les d\u00e9fis de la gestion de projets en renfor\u00e7ant le pouvoir de la connaissance.<\/span><\/h3>\n<p>Protrain Canada est une compagnie sp\u00e9cialis\u00e9e dans la Gestion de Projets avanc\u00e9e. Exp\u00e9rience. Expertise. \u00c9nergie. Enthousiasme. C&rsquo;est dans cet \u00e9tat d&rsquo;esprit que nos consultants apportent leurs expertises \u00e0 chaque engagement client. Nos consultants ont en moyenne plus de 20 ans d&rsquo;exp\u00e9riences pratique dans plusieurs secteurs.<\/p>\n<div class=\"gap\" style=\"height: 10px;\"><\/div>\n<p style=\"text-align: justify;\">\n<div class=\"one_half\">\n<div class=\"iconbox\"><span class=\"iconbox-mac\"><\/span><\/p>\n<h3>Formation Priv\u00e9e<\/h3>\n<\/p>\n<p style=\"text-align: justify;\">Vous en avez assez de courir apr\u00e8s vos professionnels pour leurs unit\u00e9s de formation continue? Protrain Canada peut fournir un professeur et la classe pour votre entreprise. <a title=\"Formation Priv\u00e9e\" href=\"\/protrain\/fr\/?page_id=2839\"><br \/>\nPour plus de d\u00e9tails \u2192<\/a><\/p>\n<\/div>\n<\/div>\n<p style=\"text-align: justify;\">\n","protected":false},"excerpt":{"rendered":"<p>Protrain Canada: Relever les d\u00e9fis de la gestion de projets en renfor\u00e7ant le pouvoir de la connaissance. Protrain Canada est une compagnie sp\u00e9cialis\u00e9e dans la Gestion de Projets avanc\u00e9e. Exp\u00e9rience.\u2026 <a href=\"https:\/\/protrain-canada.com\/fr\/\" class=\"read-more-link\">Lire la suite &rarr;<\/a><\/p>\n","protected":false},"author":2,"featured_media":0,"parent":0,"menu_order":0,"comment_status":"closed","ping_status":"open","template":"page-fullwidth.php","meta":{"om_disable_all_campaigns":false,"_monsterinsights_skip_tracking":false,"_monsterinsights_sitenote_active":false,"_monsterinsights_sitenote_note":"","_monsterinsights_sitenote_category":0,"footnotes":""},"class_list":["post-3512","page","type-page","status-publish","hentry"],"yoast_head":"<!-- This site is optimized with the Yoast SEO plugin v27.4 - https:\/\/yoast.com\/product\/yoast-seo-wordpress\/ -->\n<title>Formation Gestion de Projets PMP - Protrain Canada<\/title>\n<meta name=\"robots\" content=\"index, follow, max-snippet:-1, max-image-preview:large, max-video-preview:-1\" \/>\n<link rel=\"canonical\" href=\"https:\/\/protrain-canada.com\/fr\/\" \/>\n<meta property=\"og:locale\" content=\"fr_FR\" \/>\n<meta property=\"og:type\" content=\"article\" \/>\n<meta property=\"og:title\" content=\"Formation Gestion de Projets PMP - Protrain Canada\" \/>\n<meta property=\"og:description\" content=\"Protrain Canada: Relever les d\u00e9fis de la gestion de projets en renfor\u00e7ant le pouvoir de la connaissance. Protrain Canada est une compagnie sp\u00e9cialis\u00e9e dans la Gestion de Projets avanc\u00e9e. Exp\u00e9rience.\u2026 Lire la suite &rarr;\" \/>\n<meta property=\"og:url\" content=\"https:\/\/protrain-canada.com\/fr\/\" \/>\n<meta property=\"og:site_name\" content=\"Protrain Canada\" \/>\n<meta property=\"article:modified_time\" content=\"2017-10-25T20:34:31+00:00\" \/>\n<meta name=\"twitter:card\" content=\"summary_large_image\" \/>\n<meta name=\"twitter:label1\" content=\"Dur\u00e9e de lecture estim\u00e9e\" \/>\n\t<meta name=\"twitter:data1\" content=\"1 minute\" \/>\n<script type=\"application\/ld+json\" class=\"yoast-schema-graph\">{\"@context\":\"https:\\\/\\\/schema.org\",\"@graph\":[{\"@type\":\"WebPage\",\"@id\":\"https:\\\/\\\/protrain-canada.com\\\/fr\\\/\",\"url\":\"https:\\\/\\\/protrain-canada.com\\\/fr\\\/\",\"name\":\"Formation Gestion de Projets PMP - Protrain Canada\",\"isPartOf\":{\"@id\":\"https:\\\/\\\/protrain-canada.com\\\/#website\"},\"datePublished\":\"2016-09-07T12:41:23+00:00\",\"dateModified\":\"2017-10-25T20:34:31+00:00\",\"breadcrumb\":{\"@id\":\"https:\\\/\\\/protrain-canada.com\\\/fr\\\/#breadcrumb\"},\"inLanguage\":\"fr-FR\",\"potentialAction\":[{\"@type\":\"ReadAction\",\"target\":[\"https:\\\/\\\/protrain-canada.com\\\/fr\\\/\"]}]},{\"@type\":\"BreadcrumbList\",\"@id\":\"https:\\\/\\\/protrain-canada.com\\\/fr\\\/#breadcrumb\",\"itemListElement\":[{\"@type\":\"ListItem\",\"position\":1,\"name\":\"Home\",\"item\":\"https:\\\/\\\/protrain-canada.com\\\/fr\\\/\"},{\"@type\":\"ListItem\",\"position\":2,\"name\":\"Formation Gestion de Projets PMP\"}]},{\"@type\":\"WebSite\",\"@id\":\"https:\\\/\\\/protrain-canada.com\\\/#website\",\"url\":\"https:\\\/\\\/protrain-canada.com\\\/\",\"name\":\"Protrain Canada\",\"description\":\"\",\"potentialAction\":[{\"@type\":\"SearchAction\",\"target\":{\"@type\":\"EntryPoint\",\"urlTemplate\":\"https:\\\/\\\/protrain-canada.com\\\/?s={search_term_string}\"},\"query-input\":{\"@type\":\"PropertyValueSpecification\",\"valueRequired\":true,\"valueName\":\"search_term_string\"}}],\"inLanguage\":\"fr-FR\"}]}<\/script>\n<!-- \/ Yoast SEO plugin. -->","yoast_head_json":{"title":"Formation Gestion de Projets PMP - Protrain Canada","robots":{"index":"index","follow":"follow","max-snippet":"max-snippet:-1","max-image-preview":"max-image-preview:large","max-video-preview":"max-video-preview:-1"},"canonical":"https:\/\/protrain-canada.com\/fr\/","og_locale":"fr_FR","og_type":"article","og_title":"Formation Gestion de Projets PMP - Protrain Canada","og_description":"Protrain Canada: Relever les d\u00e9fis de la gestion de projets en renfor\u00e7ant le pouvoir de la connaissance. Protrain Canada est une compagnie sp\u00e9cialis\u00e9e dans la Gestion de Projets avanc\u00e9e. Exp\u00e9rience.\u2026 Lire la suite &rarr;","og_url":"https:\/\/protrain-canada.com\/fr\/","og_site_name":"Protrain Canada","article_modified_time":"2017-10-25T20:34:31+00:00","twitter_card":"summary_large_image","twitter_misc":{"Dur\u00e9e de lecture estim\u00e9e":"1 minute"},"schema":{"@context":"https:\/\/schema.org","@graph":[{"@type":"WebPage","@id":"https:\/\/protrain-canada.com\/fr\/","url":"https:\/\/protrain-canada.com\/fr\/","name":"Formation Gestion de Projets PMP - Protrain Canada","isPartOf":{"@id":"https:\/\/protrain-canada.com\/#website"},"datePublished":"2016-09-07T12:41:23+00:00","dateModified":"2017-10-25T20:34:31+00:00","breadcrumb":{"@id":"https:\/\/protrain-canada.com\/fr\/#breadcrumb"},"inLanguage":"fr-FR","potentialAction":[{"@type":"ReadAction","target":["https:\/\/protrain-canada.com\/fr\/"]}]},{"@type":"BreadcrumbList","@id":"https:\/\/protrain-canada.com\/fr\/#breadcrumb","itemListElement":[{"@type":"ListItem","position":1,"name":"Home","item":"https:\/\/protrain-canada.com\/fr\/"},{"@type":"ListItem","position":2,"name":"Formation Gestion de Projets PMP"}]},{"@type":"WebSite","@id":"https:\/\/protrain-canada.com\/#website","url":"https:\/\/protrain-canada.com\/","name":"Protrain Canada","description":"","potentialAction":[{"@type":"SearchAction","target":{"@type":"EntryPoint","urlTemplate":"https:\/\/protrain-canada.com\/?s={search_term_string}"},"query-input":{"@type":"PropertyValueSpecification","valueRequired":true,"valueName":"search_term_string"}}],"inLanguage":"fr-FR"}]}},"_links":{"self":[{"href":"https:\/\/protrain-canada.com\/fr\/wp-json\/wp\/v2\/pages\/3512","targetHints":{"allow":["GET"]}}],"collection":[{"href":"https:\/\/protrain-canada.com\/fr\/wp-json\/wp\/v2\/pages"}],"about":[{"href":"https:\/\/protrain-canada.com\/fr\/wp-json\/wp\/v2\/types\/page"}],"author":[{"embeddable":true,"href":"https:\/\/protrain-canada.com\/fr\/wp-json\/wp\/v2\/users\/2"}],"replies":[{"embeddable":true,"href":"https:\/\/protrain-canada.com\/fr\/wp-json\/wp\/v2\/comments?post=3512"}],"version-history":[{"count":4,"href":"https:\/\/protrain-canada.com\/fr\/wp-json\/wp\/v2\/pages\/3512\/revisions"}],"predecessor-version":[{"id":3694,"href":"https:\/\/protrain-canada.com\/fr\/wp-json\/wp\/v2\/pages\/3512\/revisions\/3694"}],"wp:attachment":[{"href":"https:\/\/protrain-canada.com\/fr\/wp-json\/wp\/v2\/media?parent=3512"}],"curies":[{"name":"wp","href":"https:\/\/api.w.org\/{rel}","templated":true}]}}